{"id":488,"date":"2024-02-25T22:11:25","date_gmt":"2024-02-25T22:11:25","guid":{"rendered":"https:\/\/www.versicherungsmakler-software.at\/?page_id=488"},"modified":"2024-03-17T06:04:17","modified_gmt":"2024-03-17T06:04:17","slug":"tipps-und-tricks","status":"publish","type":"page","link":"https:\/\/www.versicherungsmakler-software.at\/index.php\/tipps-und-tricks\/","title":{"rendered":"Tipps und Tricks"},"content":{"rendered":"<p>[et_pb_section fb_built=&#8220;1&#8243; _builder_version=&#8220;4.24.0&#8243; _module_preset=&#8220;default&#8220; global_colors_info=&#8220;{}&#8220;][et_pb_row _builder_version=&#8220;4.24.0&#8243; _module_preset=&#8220;default&#8220; global_colors_info=&#8220;{}&#8220;][et_pb_column type=&#8220;4_4&#8243; _builder_version=&#8220;4.24.0&#8243; _module_preset=&#8220;default&#8220; global_colors_info=&#8220;{}&#8220;][et_pb_text _builder_version=&#8220;4.24.2&#8243; _module_preset=&#8220;default&#8220; global_colors_info=&#8220;{}&#8220;]<\/p>\n<p><strong>M\u00f6chte Ihnen vorallem auf dieser Seite Tipps geben, die Ihnen das Leben etwas leicher machen. <\/strong><\/p>\n<p>Sollten sie dazu Fragen haben, k\u00f6nnen sie mir eine Mail schicken <a href=\"mailto:office@dadi.at\">(office@dadi.at) <\/a>\u00a0F\u00fcr diese Anleitungen wird keine Haftung unternommen. Bei Interesse k\u00f6nnen sie auch gerne eine Schulung per Mail vereinbaren. Meine Fernwartung f\u00fcr etwaige Hilfestellung nach Kontakt per Mail: <a href=\"https:\/\/lb3.pcvisit.de\/v1\/hosted\/jumplink?productid=18&amp;func=download&amp;productrole=guestSetup&amp;host=lb3.pcvisit.de&amp;companyid=4160172075&amp;gateway=lb3.pcvisit.de&quot; title=&quot;pcvisit Kunden-Modul pcvisit starten&quot;&gt;&lt;img src=&quot;https:\/\/lb3.pcvisit.de\/v1\/hosted\/jumplink?func=external_website&amp;productid=18&amp;langid=de-AT&amp;bs=win32&amp;gradeid=12&amp;version=23.11.27.1054&amp;topic=client_image&quot; style=&quot;border: none&quot; alt=&quot;pcvisit Kunden-Modul pcvisit starten\" data-wplink-url-error=\"true\">Hier Klicken<\/a>. Ein zweiter Bildschirm erleichtert \u00fcbrigens das Arbeiten wesentlich, ich sch\u00e4tze in der Praxis 30 % ihrer Zeit.<\/p>\n<p>[\/et_pb_text][\/et_pb_column][\/et_pb_row][et_pb_row _builder_version=&#8220;4.24.2&#8243; _module_preset=&#8220;default&#8220; global_colors_info=&#8220;{}&#8220;][et_pb_column type=&#8220;4_4&#8243; _builder_version=&#8220;4.24.2&#8243; _module_preset=&#8220;default&#8220; global_colors_info=&#8220;{}&#8220;][et_pb_text admin_label=&#8220;Text&#8220; _builder_version=&#8220;4.24.2&#8243; _module_preset=&#8220;default&#8220; width=&#8220;80%&#8220; custom_margin=&#8220;|||50px|false|false&#8220; hover_enabled=&#8220;0&#8243; border_style_all=&#8220;none&#8220; global_colors_info=&#8220;{}&#8220; sticky_enabled=&#8220;0&#8243;]<\/p>\n<ol>\n<li><a href=\"#1\"><strong>Windows 11, Klassisches Kontextmen\u00fc<\/strong><\/a>\u00a0 (Fortgeschritten)<\/li>\n<li><a href=\"#2\"><strong>Windows 11, Startmen\u00fc wieder links<\/strong><\/a>\u00a0 (Einsteiger)<\/li>\n<li><a href=\"#3\"><strong>Outlook, Autoverlauf sichern<\/strong><\/a>\u00a0 (Fortgeschritten)<\/li>\n<li><a href=\"#4\"><strong>Windows 10, 11 Programme auf Taskleiste \/ in Startmen\u00fc verkn\u00fcpfen<\/strong><\/a>\u00a0 (Einsteiger)<\/li>\n<li><a href=\"#5\"><strong>Windows 11 Alle installierten Programme und Apps anzeigen<\/strong><\/a>\u00a0 (Einsteiger)<\/li>\n<li><a href=\"#6\"><strong>Windows 10\/11 Autostart &#8211; Programm nach Starten des Rechner automatisch \u00f6ffnen<\/strong><\/a>\u00a0 (mittlere Kenntnisse erforderlich)<\/li>\n<li><a href=\"#7\"><strong>Verhalten der Taskleiste, nicht mehr gruppieren und Beschriftung anzeigen\u00a0<\/strong><\/a>\u00a0 (Einsteiger)<\/li>\n<li><a href=\"#8\"><strong>Server Gruppenrichtlinie &#8211; Passworteinstellungen\u00a0<\/strong><\/a>\u00a0 (Fortgeschritten) <strong>Damit die Einstellungen in Gruppenrichtlienien gleich \u00fcbernommen werden, in einer Eingabeaufforderung &#8222;gpupdate \/force&#8220; tippen. (Gilt f\u00fcr alle Einstellungen die noch folgen)<\/strong><\/li>\n<li><a href=\"#8\"><strong>Outlook &#8211; verschiedene (neue) Versionen<\/strong><\/li>\n<li><a href=\"#100\"><strong>Shortcuts, Tastaturk\u00fcrzel, Funktionen mit der Tastatur ausf\u00fchren bzw. starten\u00a0<\/strong><\/a>\u00a0 (Einsteiger)<\/li>\n<\/ol>\n<p>&nbsp;[\/et_pb_text][\/et_pb_column][\/et_pb_row][et_pb_row _builder_version=&#8220;4.24.0&#8243; _module_preset=&#8220;default&#8220; global_colors_info=&#8220;{}&#8220;][et_pb_column type=&#8220;4_4&#8243; _builder_version=&#8220;4.24.0&#8243; _module_preset=&#8220;default&#8220; global_colors_info=&#8220;{}&#8220;][et_pb_text admin_label=&#8220;Text&#8220; _builder_version=&#8220;4.24.2&#8243; _module_preset=&#8220;default&#8220; hover_enabled=&#8220;0&#8243; global_colors_info=&#8220;{}&#8220; sticky_enabled=&#8220;0&#8243;]<\/p>\n<p><strong><a name=\"1\"><\/a>1. Windows 11, Klassisches Kontextmen\u00fc<\/strong><\/p>\n<p>Dazu sind erweiterte Computerkenntnisse erforderlich. Bitte beachten sie, dass \u00c4nderungen in der Registrierung Sch\u00e4den am Betriebssystem hervorrufen k\u00f6nnen.<\/p>\n<p>Klicken sie auf &#8222;Start&#8220;, suchen nach &#8222;cmd&#8220; und w\u00e4hlen sie mit der rechten Maustaste &#8222;Eingabeaufforderung, als Administrator ausf\u00fchren&#8220;. F\u00fchren sie folgenden Befehl aus:<\/p>\n<p>&#8222;<code>reg.exe add \"HKCU\\Software\\Classes\\CLSID\\{86ca1aa0-34aa-4e8b-a509-50c905bae2a2}\\InprocServer32\" \/f \/ve<\/code>&#8222;<\/p>\n<p><strong><a name=\"2\"><\/a>2. Windows 11, Startmen\u00fc wieder links<\/strong><\/p>\n<p>Klicken sie mit der rechten Maustaste in die Startmaske, und w\u00e4hlen sie &#8222;Taskleisteneinstellungen&#8220;. Im letzten Punkt &#8222;Verhalten der Taskleiste&#8220; k\u00f6nnen sie die Ausrichtung festlegen.<\/p>\n<p><strong><a name=\"3\"><\/a>3. Outlook, Autoverlauf sichern<\/strong><\/p>\n<p>Folgen sie dazu folgende Anleitung:<\/p>\n<p><a href=\"https:\/\/support.microsoft.com\/de-de\/office\/importieren-oder-kopieren-der-autovervollst%C3%A4ndigen-liste-auf-einen-anderen-computer-83558574-20dc-4c94-a531-25a42ec8e8f0\" target=\"_blank\" rel=\"noopener\">Microsoft Support<\/a><\/p>\n<p><strong><a name=\"4\"><\/a>4. Windows 10, 11 Programme auf Taskleiste \/ in Startmen\u00fc verkn\u00fcpfen<\/strong><\/p>\n<p>\u00d6ffnen sie das Startmen\u00fc durch Klick mit der linken Maustaste. Geben sie anschlie\u00dfend den Namen des Programmes ein (die Anfangsbuchstaben). Sobald das gew\u00fcnschte Programm eingeblendet wird, klicken sie mit der rechten Maustaste darauf um w\u00e4hlen entwerder &#8222;An Start anheften&#8220; oder &#8222;An Taskleiste anheften&#8220;.<\/p>\n<p><strong><a name=\"5\"><\/a>5. Windows 11 Alle installierten Programme und Apps anzeigen<br \/><\/strong><\/p>\n<p>Klicken sie mit der rechten Maustaste auf Start, und w\u00e4hlen &#8222;Ausf\u00fchren&#8220; &#8211; ind das ge\u00f6ffnete Fenster tippen oder kopieren sie &#8222;shell:Appsfolder&#8220; &#8211; nach Klicken auf Ok \u00f6ffnet sich ein Fenster mit allen Verkn\u00fcpfungen.er rechten Maustaste darauf um w\u00e4hlen entwerder &#8222;An Start anheften&#8220; oder &#8222;An Taskleiste anheften&#8220;.<\/p>\n<p><strong><a name=\"6\"><\/a>6. Windows 11 Programm beim Starten des Rechners \u00f6ffnen<br \/><\/strong><\/p>\n<p>Klicken sie mir der rechten Maustaste auf ihr Startmen\u00fc, und w\u00e4hlen sie &#8222;Ausf\u00fchren&#8220; &#8211; kopieren sie folgenden Text ind die Zeile und klicken sie auf Ok. Es \u00f6ffnet sich ein Fenster und sie sehen alle installierten Apps und Programme<\/p>\n<p><strong><a name=\"7\"><\/a>7. Verhalten der Taskleiste, nicht mehr gruppieren und Beschriftung anzeigen<\/strong><\/p>\n<p>Klicken Sie mit der rechten Maustaste auf die Taskleiste, w\u00e4hlen sie Taskleisteneinstellungen. Klicken Sie auf &#8222;Verhalten der Taskleiste&#8220;. \u00c4ndern Sie die &#8222;Taskleistenschaltfl\u00e4chen kombinieren und Beschriftungen ausblenden&#8220; auf Nie.<\/p>\n<p><strong><a name=\"8\"><\/a>8. Server Gruppenrichtlinie &#8211; Passworteinstellungen <\/strong><\/p>\n<p>Sie finden diese Einstelung im Pfad: Computer-Konfiguration \/ Richtlinien \/ Windows-Einstellungen \/ Sicherheits\u00adeinstellungen \/ Kontorichtlinien \/ Kennwortrichtlinien<\/p>\n<p><strong>Damit die Einstellungen in Gruppenrichtlienien gleich \u00fcbernommen werden, in einer Eingabeaufforderung &#8222;gpupdate \/force&#8220; tippen. (Gilt f\u00fcr alle Einstellungen die noch folgen)<\/strong><\/p>\n<p><strong><a name=\"9\"><\/a>9. Outlook &#8211; verschiedene (neue) Versionen <\/strong><\/p>\n<p>F\u00e4lschlicherweise denken viele, Outlook New ist der Nachfolger von Outlook, tats\u00e4chlich ist es der Nachfolger von &#8222;Windows Mail&#8220; welches vor Jahren &#8222;Outlook express&#8220; ersetzt hat.\n<\/p>\n<p><strong><a name=\"100\"><\/a>10. Shortcuts, Tastaturk\u00fcrzel, Funktionen mit der Tastatur ausf\u00fchren bzw. starten<\/strong><\/p>\n<p>Halten sie die &#8222;STRG&#8220; Taste geedr\u00fcckt, und drucken sie falls nict anders angegeben folgende Kombinationen:<\/p>\n<p>[\/et_pb_text][\/et_pb_column][\/et_pb_row][et_pb_row column_structure=&#8220;1_2,1_2&#8243; _builder_version=&#8220;4.24.2&#8243; _module_preset=&#8220;default&#8220; global_colors_info=&#8220;{}&#8220;][et_pb_column type=&#8220;1_2&#8243; _builder_version=&#8220;4.24.2&#8243; _module_preset=&#8220;default&#8220; global_colors_info=&#8220;{}&#8220;][et_pb_text _builder_version=&#8220;4.24.2&#8243; _module_preset=&#8220;default&#8220; global_colors_info=&#8220;{}&#8220;]<\/p>\n<p><strong>Windows:<\/strong><\/p>\n<p>[\/et_pb_text][\/et_pb_column][et_pb_column type=&#8220;1_2&#8243; _builder_version=&#8220;4.24.2&#8243; _module_preset=&#8220;default&#8220; global_colors_info=&#8220;{}&#8220;][et_pb_text _builder_version=&#8220;4.24.2&#8243; _module_preset=&#8220;default&#8220; global_colors_info=&#8220;{}&#8220;]<\/p>\n<p><span class=\"ILfuVd\" lang=\"de\"><span class=\"hgKElc\"><strong>Firefox oder anderer Browser (letzterer nicht getestet)<\/strong><\/span><\/span><\/p>\n<p>[\/et_pb_text][\/et_pb_column][\/et_pb_row][et_pb_row column_structure=&#8220;1_4,1_4,1_4,1_4&#8243; _builder_version=&#8220;4.24.2&#8243; _module_preset=&#8220;default&#8220; global_colors_info=&#8220;{}&#8220;][et_pb_column type=&#8220;1_4&#8243; _builder_version=&#8220;4.24.2&#8243; _module_preset=&#8220;default&#8220; global_colors_info=&#8220;{}&#8220;][et_pb_text _builder_version=&#8220;4.24.2&#8243; _module_preset=&#8220;default&#8220; global_colors_info=&#8220;{}&#8220;]<\/p>\n<p style=\"text-align: right;\">\u201estrg\u201c + \u201eshift\u201c + \u201eN\u201c<br \/>strg + &#8222;x&#8220;<br \/>strg + &#8222;c&#8220;<br \/>strg + &#8222;v&#8220;<br \/>strg + &#8222;z&#8220;<br \/><span class=\"ILfuVd\" lang=\"de\"><span class=\"hgKElc\">\u201estrg\u201c + \u201eshift\u201c + \u201en&#8220;<\/span><\/span><\/p>\n<p>&nbsp;<\/p>\n<p>[\/et_pb_text][\/et_pb_column][et_pb_column type=&#8220;1_4&#8243; _builder_version=&#8220;4.24.2&#8243; _module_preset=&#8220;default&#8220; global_colors_info=&#8220;{}&#8220;][et_pb_text _builder_version=&#8220;4.24.2&#8243; _module_preset=&#8220;default&#8220; global_colors_info=&#8220;{}&#8220;]<\/p>\n<p>Ausschneiden<br \/>Kopieren<br \/>Einf\u00fcgen<br \/>R\u00fcckg\u00e4ngig<\/p>\n<p>neuer Ordner<\/p>\n<p>&nbsp;<\/p>\n<p>[\/et_pb_text][\/et_pb_column][et_pb_column type=&#8220;1_4&#8243; _builder_version=&#8220;4.24.2&#8243; _module_preset=&#8220;default&#8220; global_colors_info=&#8220;{}&#8220;][et_pb_text _builder_version=&#8220;4.24.2&#8243; _module_preset=&#8220;default&#8220; global_colors_info=&#8220;{}&#8220;]<\/p>\n<p style=\"text-align: right;\"><span class=\"ILfuVd\" lang=\"de\"><span class=\"hgKElc\">\u201cAlt + linker Pfeil\u201d<\/span><\/span><br \/><span class=\"ILfuVd\" lang=\"de\"><span class=\"hgKElc\">\u201cAlt + rechter Pfeil\u201d<\/span><\/span><br \/>strg + &#8222;n&#8220;<br \/>strg + &#8222;t&#8220;<\/p>\n<p>[\/et_pb_text][\/et_pb_column][et_pb_column type=&#8220;1_4&#8243; _builder_version=&#8220;4.24.2&#8243; _module_preset=&#8220;default&#8220; global_colors_info=&#8220;{}&#8220;][et_pb_text _builder_version=&#8220;4.24.2&#8243; _module_preset=&#8220;default&#8220; global_colors_info=&#8220;{}&#8220;]<\/p>\n<p>Seite zur\u00fcck<br \/>Seite vor<br \/>neuer Tab<br \/>neues Fenster<\/p>\n<p>[\/et_pb_text][\/et_pb_column][\/et_pb_row][et_pb_row _builder_version=&#8220;4.24.2&#8243; _module_preset=&#8220;default&#8220; global_colors_info=&#8220;{}&#8220;][et_pb_column type=&#8220;4_4&#8243; _builder_version=&#8220;4.24.2&#8243; _module_preset=&#8220;default&#8220; global_colors_info=&#8220;{}&#8220;][et_pb_text _builder_version=&#8220;4.24.2&#8243; _module_preset=&#8220;default&#8220; global_colors_info=&#8220;{}&#8220;]<\/p>\n<p style=\"text-align: center;\">Die Enter-Taste bewirkt prinzipiell auch, dass eine Markierte Taste (zb. OK) gedr\u00fcckt wird. Shift &#8230; &#8211; die Taste zum Grossschreiben. Mit einem Doppelklick k\u00f6nnen sie ein einzelnes Wort markieren, per Dreifachklick eine Zeile (manchmal die ganze Seite) markieren. Eine Inputbox (Feld zum ankreuzen) funktioniert auch mit der Leertaste.<\/p>\n<p>[\/et_pb_text][\/et_pb_column][\/et_pb_row][\/et_pb_section]<\/p>\n","protected":false},"excerpt":{"rendered":"<p>M\u00f6chte Ihnen vorallem auf dieser Seite Tipps geben, die Ihnen das Leben etwas leicher machen. Sollten sie dazu Fragen haben, k\u00f6nnen sie mir eine Mail schicken (office@dadi.at) \u00a0F\u00fcr diese Anleitungen wird keine Haftung unternommen. Bei Interesse k\u00f6nnen sie auch gerne eine Schulung per Mail vereinbaren. Meine Fernwartung f\u00fcr etwaige Hilfestellung nach Kontakt per Mail: Hier [&hellip;]<\/p>\n","protected":false},"author":1,"featured_media":0,"parent":0,"menu_order":0,"comment_status":"closed","ping_status":"closed","template":"","meta":{"_et_pb_use_builder":"on","_et_pb_old_content":"","_et_gb_content_width":"","footnotes":""},"class_list":["post-488","page","type-page","status-publish","hentry"],"_links":{"self":[{"href":"https:\/\/www.versicherungsmakler-software.at\/index.php\/wp-json\/wp\/v2\/pages\/488","targetHints":{"allow":["GET"]}}],"collection":[{"href":"https:\/\/www.versicherungsmakler-software.at\/index.php\/wp-json\/wp\/v2\/pages"}],"about":[{"href":"https:\/\/www.versicherungsmakler-software.at\/index.php\/wp-json\/wp\/v2\/types\/page"}],"author":[{"embeddable":true,"href":"https:\/\/www.versicherungsmakler-software.at\/index.php\/wp-json\/wp\/v2\/users\/1"}],"replies":[{"embeddable":true,"href":"https:\/\/www.versicherungsmakler-software.at\/index.php\/wp-json\/wp\/v2\/comments?post=488"}],"version-history":[{"count":41,"href":"https:\/\/www.versicherungsmakler-software.at\/index.php\/wp-json\/wp\/v2\/pages\/488\/revisions"}],"predecessor-version":[{"id":579,"href":"https:\/\/www.versicherungsmakler-software.at\/index.php\/wp-json\/wp\/v2\/pages\/488\/revisions\/579"}],"wp:attachment":[{"href":"https:\/\/www.versicherungsmakler-software.at\/index.php\/wp-json\/wp\/v2\/media?parent=488"}],"curies":[{"name":"wp","href":"https:\/\/api.w.org\/{rel}","templated":true}]}}