{"id":427,"date":"2020-06-21T05:13:54","date_gmt":"2020-06-21T05:13:54","guid":{"rendered":"https:\/\/www.versicherungsmakler-software.at\/?page_id=427"},"modified":"2022-12-12T04:21:00","modified_gmt":"2022-12-12T04:21:00","slug":"app-fuers-handy","status":"publish","type":"page","link":"https:\/\/www.versicherungsmakler-software.at\/index.php\/app-fuers-handy\/","title":{"rendered":"App f\u00fcrs Handy"},"content":{"rendered":"<p>[et_pb_section fb_built=&#8220;1&#8243; _builder_version=&#8220;4.16&#8243; global_colors_info=&#8220;{}&#8220;][et_pb_row _builder_version=&#8220;4.16&#8243; background_size=&#8220;initial&#8220; background_position=&#8220;top_left&#8220; background_repeat=&#8220;repeat&#8220; global_colors_info=&#8220;{}&#8220;][et_pb_column type=&#8220;4_4&#8243; _builder_version=&#8220;4.16&#8243; custom_padding=&#8220;|||&#8220; global_colors_info=&#8220;{}&#8220; custom_padding__hover=&#8220;|||&#8220;][\/et_pb_column][\/et_pb_row][et_pb_row column_structure=&#8220;1_2,1_2&#8243; _builder_version=&#8220;4.19.2&#8243; _module_preset=&#8220;default&#8220; global_colors_info=&#8220;{}&#8220;][et_pb_column type=&#8220;1_2&#8243; _builder_version=&#8220;4.19.2&#8243; _module_preset=&#8220;default&#8220; global_colors_info=&#8220;{}&#8220;][et_pb_text admin_label=&#8220;Text&#8220; _builder_version=&#8220;4.19.2&#8243; background_size=&#8220;initial&#8220; background_position=&#8220;top_left&#8220; background_repeat=&#8220;repeat&#8220; global_colors_info=&#8220;{}&#8220;]<\/p>\n<p>Mit dieser App erm\u00f6glichen es sie Ihren Kunden, jederzeit \u00dcbersicht \u00fcber die bestehenden Vertr\u00e4ge zu haben. Weiters kann Ihnen der jeweilige Kunde ohne viel Aufwand eine Schadensmeldung \u00fcbermitteln.<\/p>\n<p>[\/et_pb_text][\/et_pb_column][et_pb_column type=&#8220;1_2&#8243; _builder_version=&#8220;4.19.2&#8243; _module_preset=&#8220;default&#8220; global_colors_info=&#8220;{}&#8220;][et_pb_image src=&#8220;https:\/\/www.versicherungsmakler-software.at\/wp-content\/uploads\/2022\/12\/dadi_app_screen.jpg&#8220; title_text=&#8220;dadi_app_screen&#8220; _builder_version=&#8220;4.19.2&#8243; _module_preset=&#8220;default&#8220; global_colors_info=&#8220;{}&#8220;][\/et_pb_image][\/et_pb_column][\/et_pb_row][et_pb_row column_structure=&#8220;1_2,1_2&#8243; _builder_version=&#8220;4.19.2&#8243; _module_preset=&#8220;default&#8220; global_colors_info=&#8220;{}&#8220;][et_pb_column type=&#8220;1_2&#8243; _builder_version=&#8220;4.19.2&#8243; _module_preset=&#8220;default&#8220; global_colors_info=&#8220;{}&#8220;][et_pb_text _builder_version=&#8220;4.19.2&#8243; _module_preset=&#8220;default&#8220; hover_enabled=&#8220;0&#8243; global_colors_info=&#8220;{}&#8220; sticky_enabled=&#8220;0&#8243;]<\/p>\n<p>Sie k\u00f6nnen die App jederzeit am Handy oder am PC testen:<\/p>\n<p><a href=\"https:\/\/onlineversichert.at\/DADI\">https:\/\/onlineversichert.at\/DADI<\/a> (oder mit dem Handy den QR Code scannen)<\/p>\n<p>Benutzername: Testkunde, Passwort: Apptest<\/p>\n<p>[\/et_pb_text][\/et_pb_column][et_pb_column type=&#8220;1_2&#8243; _builder_version=&#8220;4.19.2&#8243; _module_preset=&#8220;default&#8220; global_colors_info=&#8220;{}&#8220;][et_pb_image src=&#8220;https:\/\/www.versicherungsmakler-software.at\/wp-content\/uploads\/2022\/12\/qr-dadi.png&#8220; _builder_version=&#8220;4.19.2&#8243; _module_preset=&#8220;default&#8220; width=&#8220;20%&#8220; global_colors_info=&#8220;{}&#8220;][\/et_pb_image][\/et_pb_column][\/et_pb_row][et_pb_row _builder_version=&#8220;4.19.2&#8243; _module_preset=&#8220;default&#8220; global_colors_info=&#8220;{}&#8220;][et_pb_column type=&#8220;4_4&#8243; _builder_version=&#8220;4.19.2&#8243; _module_preset=&#8220;default&#8220; global_colors_info=&#8220;{}&#8220;][et_pb_text admin_label=&#8220;Text&#8220; _builder_version=&#8220;4.19.2&#8243; _module_preset=&#8220;default&#8220; hover_enabled=&#8220;0&#8243; global_colors_info=&#8220;{}&#8220; sticky_enabled=&#8220;0&#8243;]<\/p>\n<p><strong>Preise:<\/strong><\/p>\n<p>Einmalig: 798,&#8211; inkl. 20 % MWST (beinhaltet Einrichtung inkl. Ihrem Logo auf einem vordefiniertem Server, Kurzeinschulung betreffend Datenabgleich)<\/p>\n<p>J\u00e4hrlich: 198,&#8211; inkl. 20 % MWST (beinhaltet Hosting, Support)<\/p>\n<p><strong>In Planung:<\/strong><\/p>\n<p>Das n\u00e4chste Modul wird die M\u00f6glichkeit bieten, dass sie als Makler \/ Agent den kompletten Kundenstock betrachten k\u00f6nnen. Praktisch sollte das sicher sein, wenn sie gerade kein Notebook zur Verf\u00fcgung haben.<\/p>\n<p>&nbsp;<\/p>\n<p>&nbsp;<\/p>\n<p>[\/et_pb_text][\/et_pb_column][\/et_pb_row][\/et_pb_section]<\/p>\n","protected":false},"excerpt":{"rendered":"<p>Mit dieser App erm\u00f6glichen es sie Ihren Kunden, jederzeit \u00dcbersicht \u00fcber die bestehenden Vertr\u00e4ge zu haben. Weiters kann Ihnen der jeweilige Kunde ohne viel Aufwand eine Schadensmeldung \u00fcbermitteln.Sie k\u00f6nnen die App jederzeit am Handy oder am PC testen: https:\/\/onlineversichert.at\/DADI (oder mit dem Handy den QR Code scannen) Benutzername: Testkunde, Passwort: ApptestPreise: Einmalig: 798,&#8211; inkl. 20 [&hellip;]<\/p>\n","protected":false},"author":1,"featured_media":0,"parent":0,"menu_order":0,"comment_status":"closed","ping_status":"closed","template":"","meta":{"_et_pb_use_builder":"on","_et_pb_old_content":"<p>Sie wollen, dass ihre Kunden die bestehenden Vertr\u00e4ge einsehen k\u00f6nnen, und ihnen Sch\u00e4den digital \u00fcbermitteln?<\/p><p>In K\u00fcrze wird diese M\u00f6glichkeit bestehen.<\/p><p>Keine laufenden Kosten, einmalig jedoch 500,-- - f\u00fcr individuelle Anpassungen wird nach Stunden verrechnet.<\/p><p>\u00a0<\/p><p>Screenshots und weitere Informationen folgen.<\/p>","_et_gb_content_width":"","footnotes":""},"class_list":["post-427","page","type-page","status-publish","hentry"],"_links":{"self":[{"href":"https:\/\/www.versicherungsmakler-software.at\/index.php\/wp-json\/wp\/v2\/pages\/427","targetHints":{"allow":["GET"]}}],"collection":[{"href":"https:\/\/www.versicherungsmakler-software.at\/index.php\/wp-json\/wp\/v2\/pages"}],"about":[{"href":"https:\/\/www.versicherungsmakler-software.at\/index.php\/wp-json\/wp\/v2\/types\/page"}],"author":[{"embeddable":true,"href":"https:\/\/www.versicherungsmakler-software.at\/index.php\/wp-json\/wp\/v2\/users\/1"}],"replies":[{"embeddable":true,"href":"https:\/\/www.versicherungsmakler-software.at\/index.php\/wp-json\/wp\/v2\/comments?post=427"}],"version-history":[{"count":11,"href":"https:\/\/www.versicherungsmakler-software.at\/index.php\/wp-json\/wp\/v2\/pages\/427\/revisions"}],"predecessor-version":[{"id":473,"href":"https:\/\/www.versicherungsmakler-software.at\/index.php\/wp-json\/wp\/v2\/pages\/427\/revisions\/473"}],"wp:attachment":[{"href":"https:\/\/www.versicherungsmakler-software.at\/index.php\/wp-json\/wp\/v2\/media?parent=427"}],"curies":[{"name":"wp","href":"https:\/\/api.w.org\/{rel}","templated":true}]}}