{"id":38,"date":"2017-09-24T10:41:42","date_gmt":"2017-09-24T10:41:42","guid":{"rendered":"https:\/\/www.versicherungsmakler-software.at\/?page_id=38"},"modified":"2024-04-03T03:05:17","modified_gmt":"2024-04-03T03:05:17","slug":"38-2","status":"publish","type":"page","link":"https:\/\/www.versicherungsmakler-software.at\/","title":{"rendered":"Willkommen"},"content":{"rendered":"<p>[et_pb_section fb_built=&#8220;1&#8243; admin_label=&#8220;section&#8220; _builder_version=&#8220;4.16&#8243; global_colors_info=&#8220;{}&#8220;][et_pb_row column_structure=&#8220;1_2,1_2&#8243; _builder_version=&#8220;4.16&#8243; background_size=&#8220;initial&#8220; background_position=&#8220;top_left&#8220; background_repeat=&#8220;repeat&#8220; global_colors_info=&#8220;{}&#8220;][et_pb_column type=&#8220;1_2&#8243; _builder_version=&#8220;4.16&#8243; custom_padding=&#8220;|||&#8220; global_colors_info=&#8220;{}&#8220; custom_padding__hover=&#8220;|||&#8220;][et_pb_text _builder_version=&#8220;4.16&#8243; background_size=&#8220;initial&#8220; background_position=&#8220;top_left&#8220; background_repeat=&#8220;repeat&#8220; module_alignment=&#8220;left&#8220; global_colors_info=&#8220;{}&#8220;]<\/p>\n<div class=\"section-inner-container\">\n<div class=\"content-container typography\">\n<p><strong>Willkommen bei D.A.D.I. &#8211; Mario Nestelberger<\/strong><\/p>\n<p>Mein Hauptprodukt, eine Software f\u00fcr Versicherungsmakler und -agenten, ist nun seit 20 Jahren am Markt. Sie k\u00f6nnen gerne eine kostenlose Demoversion beziehen.<\/p>\n<p>Individuelle Softwareentwicklung f\u00fcr Kleinbetriebe, Erstellung und \u00dcberarbeitung von Datenbanken, Hilfestellung bei diversen Hard- und Softwareproblemen, Hardwareverkauf, Einrichtung von Kleinnetzwerken<\/p>\n<p>Neu: Hilfestellung zum Kundenverwaltungsprogramm und anderen PC Problemen<br \/>auch per Fernwartung (nur mit telefonischer Anfrage)<\/p>\n<p>kostenloser OMDS Browser Version 2.xx (Betaversion)<\/p>\n<\/div>\n<\/div>\n<p>[\/et_pb_text][\/et_pb_column][et_pb_column type=&#8220;1_2&#8243; _builder_version=&#8220;4.16&#8243; custom_padding=&#8220;|||&#8220; global_colors_info=&#8220;{}&#8220; custom_padding__hover=&#8220;|||&#8220;][et_pb_image src=&#8220;https:\/\/www.versicherungsmakler-software.at\/wp-content\/uploads\/2020\/05\/Mario.jpg&#8220; align_tablet=&#8220;center&#8220; align_phone=&#8220;&#8220; align_last_edited=&#8220;on|desktop&#8220; _builder_version=&#8220;4.24.2&#8243; width=&#8220;30%&#8220; hover_enabled=&#8220;0&#8243; global_colors_info=&#8220;{}&#8220; sticky_enabled=&#8220;0&#8243;][\/et_pb_image][\/et_pb_column][\/et_pb_row][et_pb_row column_structure=&#8220;1_2,1_2&#8243; _builder_version=&#8220;4.24.2&#8243; _module_preset=&#8220;default&#8220; global_colors_info=&#8220;{}&#8220;][et_pb_column type=&#8220;1_2&#8243; _builder_version=&#8220;4.24.2&#8243; _module_preset=&#8220;default&#8220; global_colors_info=&#8220;{}&#8220;][et_pb_text _builder_version=&#8220;4.24.2&#8243; _module_preset=&#8220;default&#8220; global_colors_info=&#8220;{}&#8220;]<\/p>\n<p>Ich biete auch gerne Kaufberatung, was diverse Hard- und Software betrifft &#8211; auf Wunsch verkaufe ich diese auch. Und im Normalfall sind Festplatten noch geschlossen \ud83d\ude09<\/p>\n<p><strong>Kontaktieren sie mich doch::<\/strong><\/p>\n<p>Tel.: 0676 \/ 3749600<br \/>mail:\u00a0<a href=\"mailto:office@dadi.at\">office@dadi.at<\/a><\/p>\n<p>[\/et_pb_text][\/et_pb_column][et_pb_column type=&#8220;1_2&#8243; _builder_version=&#8220;4.24.2&#8243; _module_preset=&#8220;default&#8220; global_colors_info=&#8220;{}&#8220;][et_pb_image src=&#8220;https:\/\/www.versicherungsmakler-software.at\/wp-content\/uploads\/2024\/04\/harddisk-2.jpg&#8220; title_text=&#8220;harddisk&#8220; align_tablet=&#8220;center&#8220; align_phone=&#8220;&#8220; align_last_edited=&#8220;on|desktop&#8220; _builder_version=&#8220;4.24.2&#8243; width=&#8220;30%&#8220; global_colors_info=&#8220;{}&#8220;][\/et_pb_image][\/et_pb_column][\/et_pb_row][\/et_pb_section]<\/p>\n","protected":false},"excerpt":{"rendered":"<p>Willkommen bei D.A.D.I. &#8211; Mario Nestelberger Mein Hauptprodukt, eine Software f\u00fcr Versicherungsmakler und -agenten, ist nun seit 20 Jahren am Markt. Sie k\u00f6nnen gerne eine kostenlose Demoversion beziehen. Individuelle Softwareentwicklung f\u00fcr Kleinbetriebe, Erstellung und \u00dcberarbeitung von Datenbanken, Hilfestellung bei diversen Hard- und Softwareproblemen, Hardwareverkauf, Einrichtung von Kleinnetzwerken Neu: Hilfestellung zum Kundenverwaltungsprogramm und anderen PC Problemenauch [&hellip;]<\/p>\n","protected":false},"author":1,"featured_media":0,"parent":0,"menu_order":0,"comment_status":"closed","ping_status":"closed","template":"","meta":{"_et_pb_use_builder":"on","_et_pb_old_content":"","_et_gb_content_width":"","footnotes":""},"class_list":["post-38","page","type-page","status-publish","hentry"],"_links":{"self":[{"href":"https:\/\/www.versicherungsmakler-software.at\/index.php\/wp-json\/wp\/v2\/pages\/38","targetHints":{"allow":["GET"]}}],"collection":[{"href":"https:\/\/www.versicherungsmakler-software.at\/index.php\/wp-json\/wp\/v2\/pages"}],"about":[{"href":"https:\/\/www.versicherungsmakler-software.at\/index.php\/wp-json\/wp\/v2\/types\/page"}],"author":[{"embeddable":true,"href":"https:\/\/www.versicherungsmakler-software.at\/index.php\/wp-json\/wp\/v2\/users\/1"}],"replies":[{"embeddable":true,"href":"https:\/\/www.versicherungsmakler-software.at\/index.php\/wp-json\/wp\/v2\/comments?post=38"}],"version-history":[{"count":26,"href":"https:\/\/www.versicherungsmakler-software.at\/index.php\/wp-json\/wp\/v2\/pages\/38\/revisions"}],"predecessor-version":[{"id":618,"href":"https:\/\/www.versicherungsmakler-software.at\/index.php\/wp-json\/wp\/v2\/pages\/38\/revisions\/618"}],"wp:attachment":[{"href":"https:\/\/www.versicherungsmakler-software.at\/index.php\/wp-json\/wp\/v2\/media?parent=38"}],"curies":[{"name":"wp","href":"https:\/\/api.w.org\/{rel}","templated":true}]}}