{"id":355,"date":"2017-10-02T03:09:27","date_gmt":"2017-10-02T03:09:27","guid":{"rendered":"https:\/\/www.versicherungsmakler-software.at\/?page_id=355"},"modified":"2020-12-18T00:14:48","modified_gmt":"2020-12-18T00:14:48","slug":"agb","status":"publish","type":"page","link":"https:\/\/www.versicherungsmakler-software.at\/index.php\/agb\/","title":{"rendered":"AGB"},"content":{"rendered":"<p>[et_pb_section bb_built=&#8220;1&#8243;][et_pb_row][et_pb_column type=&#8220;4_4&#8243;][et_pb_text _builder_version=&#8220;3.0.77&#8243; background_layout=&#8220;light&#8220; border_style=&#8220;solid&#8220;]<\/p>\n<div class=\"content-container typography\">\n<p><strong>Allgemeine Gesch\u00e4ftsbedingungen:<\/strong><a href=\"http:\/\/www.dadi.at\/downloads\/Allgemeine_Geschaeftsbedingungen.pdf\"><strong>\u00a0<\/strong><\/a><\/p>\n<p>1. ALLGEMEINES:<\/p>\n<p>Die nachfolgenden Bedingungen gelten f\u00fcr alle gegenw\u00e4rtigen und zuk\u00fcnftigen Rechtsgesch\u00e4fte mit Mario Nestelberger.\u00a0Sollte eine Bestimmung dieser Gesch\u00e4ftsbedingungen ung\u00fcltig oder unwirksam sein oder werden, so wird dadurch die G\u00fcltigkeit bzw. Wirksamkeit der \u00fcbrigen Bestimmungen nicht ber\u00fchrt. Die ung\u00fcltige oder unwirksame Bestimmung ist durch eine solche zu ersetzen, die der ung\u00fcltigen oder unwirksamen Bestimmung wirtschaftlich und rechtlich am n\u00e4chsten kommt und den Zweck am ehesten verwirklicht. Entsprechendes gilt wenn sich bei der Durchf\u00fchrung der Bedingungen eine erg\u00e4nzungsbed\u00fcrftige L\u00fccke ergibt.<\/p>\n<p>2. PREIS:<\/p>\n<p>Alle dieser Webseite angegebenen Preise sind bis zur Antragsannahme unverbindlich.<\/p>\n<p>3. AUSLIEFERUNG:<\/p>\n<p>Die Auslieferung der einzelnen Produkte erfolgt bis auf weiteres ausschlie\u00dflich pers\u00f6nlich durch mich. In den Produktpreisen ist die Installation enthalten. (Dies gilt nicht f\u00fcr kostenlose Produkte auf meiner Webseite)<\/p>\n<p>4. ZAHLUNGSBEDINGUNGEN:<\/p>\n<p>Alle Rechnungen sind nach Rechnungserhalt f\u00e4llig. F\u00fcr den Fall des Zahlungsverzuges werden Verzugszinsen in der H\u00f6he von 1% pro Monat zuz\u00fcglich gesetzlicher Umsatzsteuer verrechnet. Weiters erlischt innerhalb eines Monats Zahlungsverzug jeglicher Anspruch auf ein Benutzungsrecht des Programms und somit auch jeglicher Anspruch auf Serviceleistungen bzw. sonstigen Supportleistungen.<\/p>\n<p>5. EIGENTUMSVORBEHALT:<\/p>\n<p>S\u00e4mtliche von gelieferte Waren bleiben bis zur vollst\u00e4ndigen Bezahlung des Kaufpreises Eigentum vom Verk\u00e4ufer. Jegliche Vervielf\u00e4ltigung der Programme ist untersagt.<\/p>\n<p>6. PRODUKTHAFTUNG:<\/p>\n<p>Soweit dies gesetzlich zul\u00e4ssig ist, sind Ersatzpflichten von mir f\u00fcr aus dem Produkthaftungsgesetz abgeleitete Anspr\u00fcche aus Sachschaden die der K\u00e4ufer als Unternehmer erleidet und Produkthaftungsanspr\u00fcche, die aus anderen Bestimmungen abgeleitet werden k\u00f6nnen, ausgeschlossen. Der Kunde verzichtet ausdr\u00fccklich auf die Geltendmachung von Ersatzanspr\u00fcchen von Sachsch\u00e4den die er im Rahmen seines Unternehmens erleidet. (\u00a79 Produkthaftungsgesetz).<br \/>\nIch \u00fcbernehme weiters keine Haftung f\u00fcr jeglichen Datenverlust oder sonstigen auftretenden Hard- oder Softwaresch\u00e4den die aus der Nutzung eines meiner Produkte auftreten.<\/p>\n<p><a href=\"http:\/\/www.dadi.at\/downloads\/Allgemeine_Geschaeftsbedingungen.pdf\"><strong>Download AGB<\/strong><\/a><\/p>\n<p>&nbsp;<\/p>\n<\/div>\n<p>[\/et_pb_text][\/et_pb_column][\/et_pb_row][\/et_pb_section]<\/p>\n","protected":false},"excerpt":{"rendered":"<p><div class=\"et_pb_row et_pb_row_0 et_pb_row_empty\">\n\t\t\t\t\n\t\t\t\t\n\t\t\t\t\n\t\t\t\t\n\t\t\t\t\n\t\t\t<\/div> Allgemeine Gesch\u00e4ftsbedingungen:\u00a0 1. ALLGEMEINES: Die nachfolgenden Bedingungen gelten f\u00fcr alle gegenw\u00e4rtigen und zuk\u00fcnftigen Rechtsgesch\u00e4fte mit Mario Nestelberger.\u00a0Sollte eine Bestimmung dieser Gesch\u00e4ftsbedingungen ung\u00fcltig oder unwirksam sein oder werden, so wird dadurch die G\u00fcltigkeit bzw. Wirksamkeit der \u00fcbrigen Bestimmungen nicht ber\u00fchrt. Die ung\u00fcltige oder unwirksame Bestimmung ist durch eine solche zu ersetzen, die der ung\u00fcltigen oder [&hellip;]<\/p>\n","protected":false},"author":1,"featured_media":0,"parent":0,"menu_order":0,"comment_status":"closed","ping_status":"closed","template":"","meta":{"_et_pb_use_builder":"on","_et_pb_old_content":"","_et_gb_content_width":"","footnotes":""},"class_list":["post-355","page","type-page","status-publish","hentry"],"_links":{"self":[{"href":"https:\/\/www.versicherungsmakler-software.at\/index.php\/wp-json\/wp\/v2\/pages\/355","targetHints":{"allow":["GET"]}}],"collection":[{"href":"https:\/\/www.versicherungsmakler-software.at\/index.php\/wp-json\/wp\/v2\/pages"}],"about":[{"href":"https:\/\/www.versicherungsmakler-software.at\/index.php\/wp-json\/wp\/v2\/types\/page"}],"author":[{"embeddable":true,"href":"https:\/\/www.versicherungsmakler-software.at\/index.php\/wp-json\/wp\/v2\/users\/1"}],"replies":[{"embeddable":true,"href":"https:\/\/www.versicherungsmakler-software.at\/index.php\/wp-json\/wp\/v2\/comments?post=355"}],"version-history":[{"count":1,"href":"https:\/\/www.versicherungsmakler-software.at\/index.php\/wp-json\/wp\/v2\/pages\/355\/revisions"}],"predecessor-version":[{"id":357,"href":"https:\/\/www.versicherungsmakler-software.at\/index.php\/wp-json\/wp\/v2\/pages\/355\/revisions\/357"}],"wp:attachment":[{"href":"https:\/\/www.versicherungsmakler-software.at\/index.php\/wp-json\/wp\/v2\/media?parent=355"}],"curies":[{"name":"wp","href":"https:\/\/api.w.org\/{rel}","templated":true}]}}