{"id":211,"date":"2017-10-01T12:44:00","date_gmt":"2017-10-01T12:44:00","guid":{"rendered":"https:\/\/www.versicherungsmakler-software.at\/?page_id=211"},"modified":"2020-12-18T00:14:48","modified_gmt":"2020-12-18T00:14:48","slug":"filtermoglichkeiten","status":"publish","type":"page","link":"https:\/\/www.versicherungsmakler-software.at\/index.php\/filtermoglichkeiten\/","title":{"rendered":"Filterm\u00f6glichkeiten"},"content":{"rendered":"<p>[et_pb_section bb_built=&#8220;1&#8243;][et_pb_row][et_pb_column type=&#8220;4_4&#8243;][et_pb_text _builder_version=&#8220;3.0.76&#8243; background_layout=&#8220;light&#8220; border_style=&#8220;solid&#8220;]<\/p>\n<p><strong>6. Filterm\u00f6glichkeiten<\/strong><\/p>\n<p>Um vorgemerkte Vertr\u00e4ge etc. schneller zu finden k\u00f6nnen Sie Ihre Daten filtern. Wichtigste Kriterien:<\/p>\n<p>nach Sparte, Mitarbeiter, Versicherungsanstalt, Vertragsstatus<\/p>\n<p>nach vorgemerkten K\u00fcndigungs- bzw. Kontaktterminen<\/p>\n<p>nach offenen Sch\u00e4den<\/p>\n<p>usw&#8230;<\/p>\n<p>[\/et_pb_text][\/et_pb_column][\/et_pb_row][\/et_pb_section]<\/p>\n","protected":false},"excerpt":{"rendered":"<p><div class=\"et_pb_row et_pb_row_0 et_pb_row_empty\">\n\t\t\t\t\n\t\t\t\t\n\t\t\t\t\n\t\t\t\t\n\t\t\t\t\n\t\t\t<\/div> 6. Filterm\u00f6glichkeiten Um vorgemerkte Vertr\u00e4ge etc. schneller zu finden k\u00f6nnen Sie Ihre Daten filtern. Wichtigste Kriterien: nach Sparte, Mitarbeiter, Versicherungsanstalt, Vertragsstatus nach vorgemerkten K\u00fcndigungs- bzw. Kontaktterminen nach offenen Sch\u00e4den usw&#8230;<\/p>\n","protected":false},"author":1,"featured_media":0,"parent":0,"menu_order":0,"comment_status":"closed","ping_status":"closed","template":"","meta":{"_et_pb_use_builder":"on","_et_pb_old_content":"","_et_gb_content_width":"","footnotes":""},"class_list":["post-211","page","type-page","status-publish","hentry"],"_links":{"self":[{"href":"https:\/\/www.versicherungsmakler-software.at\/index.php\/wp-json\/wp\/v2\/pages\/211","targetHints":{"allow":["GET"]}}],"collection":[{"href":"https:\/\/www.versicherungsmakler-software.at\/index.php\/wp-json\/wp\/v2\/pages"}],"about":[{"href":"https:\/\/www.versicherungsmakler-software.at\/index.php\/wp-json\/wp\/v2\/types\/page"}],"author":[{"embeddable":true,"href":"https:\/\/www.versicherungsmakler-software.at\/index.php\/wp-json\/wp\/v2\/users\/1"}],"replies":[{"embeddable":true,"href":"https:\/\/www.versicherungsmakler-software.at\/index.php\/wp-json\/wp\/v2\/comments?post=211"}],"version-history":[{"count":1,"href":"https:\/\/www.versicherungsmakler-software.at\/index.php\/wp-json\/wp\/v2\/pages\/211\/revisions"}],"predecessor-version":[{"id":212,"href":"https:\/\/www.versicherungsmakler-software.at\/index.php\/wp-json\/wp\/v2\/pages\/211\/revisions\/212"}],"wp:attachment":[{"href":"https:\/\/www.versicherungsmakler-software.at\/index.php\/wp-json\/wp\/v2\/media?parent=211"}],"curies":[{"name":"wp","href":"https:\/\/api.w.org\/{rel}","templated":true}]}}