{"id":209,"date":"2017-10-01T12:43:13","date_gmt":"2017-10-01T12:43:13","guid":{"rendered":"https:\/\/www.versicherungsmakler-software.at\/?page_id=209"},"modified":"2020-12-18T00:14:48","modified_gmt":"2020-12-18T00:14:48","slug":"provisionsabrechnung","status":"publish","type":"page","link":"https:\/\/www.versicherungsmakler-software.at\/index.php\/provisionsabrechnung\/","title":{"rendered":"Provisionsabrechnung"},"content":{"rendered":"<p>[et_pb_section bb_built=&#8220;1&#8243;][et_pb_row][et_pb_column type=&#8220;4_4&#8243;][et_pb_text _builder_version=&#8220;3.0.76&#8243; background_layout=&#8220;light&#8220; border_style=&#8220;solid&#8220;]<\/p>\n<p><strong>5. Provisionsabrechnung<\/strong><\/p>\n<p>Durch Erfassung Ihrer Courtagen k\u00f6nnen sie Ihre Provisionen kontrollieren.\u00a0Sollten Sie mehrere Mitarbeiter in Ihrem B\u00fcro besch\u00e4ftigt haben, k\u00f6nnen Sie die Provisionen verwalten und Provisionsabrechnungen drucken.<\/p>\n<p>[\/et_pb_text][\/et_pb_column][\/et_pb_row][\/et_pb_section]<\/p>\n","protected":false},"excerpt":{"rendered":"<p><div class=\"et_pb_row et_pb_row_0 et_pb_row_empty\">\n\t\t\t\t\n\t\t\t\t\n\t\t\t\t\n\t\t\t\t\n\t\t\t\t\n\t\t\t<\/div> 5. Provisionsabrechnung Durch Erfassung Ihrer Courtagen k\u00f6nnen sie Ihre Provisionen kontrollieren.\u00a0Sollten Sie mehrere Mitarbeiter in Ihrem B\u00fcro besch\u00e4ftigt haben, k\u00f6nnen Sie die Provisionen verwalten und Provisionsabrechnungen drucken.<\/p>\n","protected":false},"author":1,"featured_media":0,"parent":0,"menu_order":0,"comment_status":"closed","ping_status":"closed","template":"","meta":{"_et_pb_use_builder":"on","_et_pb_old_content":"","_et_gb_content_width":"","footnotes":""},"class_list":["post-209","page","type-page","status-publish","hentry"],"_links":{"self":[{"href":"https:\/\/www.versicherungsmakler-software.at\/index.php\/wp-json\/wp\/v2\/pages\/209","targetHints":{"allow":["GET"]}}],"collection":[{"href":"https:\/\/www.versicherungsmakler-software.at\/index.php\/wp-json\/wp\/v2\/pages"}],"about":[{"href":"https:\/\/www.versicherungsmakler-software.at\/index.php\/wp-json\/wp\/v2\/types\/page"}],"author":[{"embeddable":true,"href":"https:\/\/www.versicherungsmakler-software.at\/index.php\/wp-json\/wp\/v2\/users\/1"}],"replies":[{"embeddable":true,"href":"https:\/\/www.versicherungsmakler-software.at\/index.php\/wp-json\/wp\/v2\/comments?post=209"}],"version-history":[{"count":1,"href":"https:\/\/www.versicherungsmakler-software.at\/index.php\/wp-json\/wp\/v2\/pages\/209\/revisions"}],"predecessor-version":[{"id":210,"href":"https:\/\/www.versicherungsmakler-software.at\/index.php\/wp-json\/wp\/v2\/pages\/209\/revisions\/210"}],"wp:attachment":[{"href":"https:\/\/www.versicherungsmakler-software.at\/index.php\/wp-json\/wp\/v2\/media?parent=209"}],"curies":[{"name":"wp","href":"https:\/\/api.w.org\/{rel}","templated":true}]}}