{"id":204,"date":"2017-10-01T12:41:11","date_gmt":"2017-10-01T12:41:11","guid":{"rendered":"https:\/\/www.versicherungsmakler-software.at\/?page_id=204"},"modified":"2020-12-18T00:14:48","modified_gmt":"2020-12-18T00:14:48","slug":"vertragsverwaltung","status":"publish","type":"page","link":"https:\/\/www.versicherungsmakler-software.at\/index.php\/vertragsverwaltung\/","title":{"rendered":"Vertragsverwaltung"},"content":{"rendered":"<p>[et_pb_section bb_built=&#8220;1&#8243;][et_pb_row][et_pb_column type=&#8220;4_4&#8243;][et_pb_text _builder_version=&#8220;3.0.76&#8243; background_layout=&#8220;light&#8220; border_style=&#8220;solid&#8220;]<\/p>\n<p><strong>3. Vertragsverwaltung<\/strong><\/p>\n<p>Im unteren Bereich der Kundenverwaltung befindet sich, wie Sie in der Abbildung erkennen k\u00f6nnen, eine grobe Vertrags\u00fcbersicht des einzelnen Kunden.<\/p>\n<p>In den allgemeinen Vertragsdaten sehen sie wie abgebildet die Hauptdaten der einzelnen Versicherungsvertr\u00e4ge, in der Detailansicht alle spartenspezifischen Felder.<\/p>\n<p>Mittels der Kontaktinfos im rechten Bereich der Maske k\u00f6nnen Sie sich K\u00fcndigungstermine vormerken. Mittels der\u00a0Filterm\u00f6glichkeiten\u00a0k\u00f6nnen diese rasch und unkompliziert aufgelistet werden.<\/p>\n<p>Im unteren Bereich des Fensters sehen Sie auf einen Blick eventuell vorhandene Sch\u00e4den, Vertrags\u00e4nderungen, K\u00fcndigungen oder Briefe an die jeweilige Versicherungsanstalt.<\/p>\n<p>Sie k\u00f6nnen nun einerseits von den bereits eingegebenen Vertr\u00e4gen Schadensmeldungen, Vertrags\u00e4nderungen, K\u00fcndigungen und Briefe (Emails) erstellen, verwalten und drucken.<\/p>\n<p>[\/et_pb_text][\/et_pb_column][\/et_pb_row][\/et_pb_section]<\/p>\n","protected":false},"excerpt":{"rendered":"<p><div class=\"et_pb_row et_pb_row_0 et_pb_row_empty\">\n\t\t\t\t\n\t\t\t\t\n\t\t\t\t\n\t\t\t\t\n\t\t\t\t\n\t\t\t<\/div> 3. Vertragsverwaltung Im unteren Bereich der Kundenverwaltung befindet sich, wie Sie in der Abbildung erkennen k\u00f6nnen, eine grobe Vertrags\u00fcbersicht des einzelnen Kunden. In den allgemeinen Vertragsdaten sehen sie wie abgebildet die Hauptdaten der einzelnen Versicherungsvertr\u00e4ge, in der Detailansicht alle spartenspezifischen Felder. Mittels der Kontaktinfos im rechten Bereich der Maske k\u00f6nnen Sie sich K\u00fcndigungstermine vormerken. [&hellip;]<\/p>\n","protected":false},"author":1,"featured_media":0,"parent":0,"menu_order":0,"comment_status":"closed","ping_status":"closed","template":"","meta":{"_et_pb_use_builder":"on","_et_pb_old_content":"","_et_gb_content_width":"","footnotes":""},"class_list":["post-204","page","type-page","status-publish","hentry"],"_links":{"self":[{"href":"https:\/\/www.versicherungsmakler-software.at\/index.php\/wp-json\/wp\/v2\/pages\/204","targetHints":{"allow":["GET"]}}],"collection":[{"href":"https:\/\/www.versicherungsmakler-software.at\/index.php\/wp-json\/wp\/v2\/pages"}],"about":[{"href":"https:\/\/www.versicherungsmakler-software.at\/index.php\/wp-json\/wp\/v2\/types\/page"}],"author":[{"embeddable":true,"href":"https:\/\/www.versicherungsmakler-software.at\/index.php\/wp-json\/wp\/v2\/users\/1"}],"replies":[{"embeddable":true,"href":"https:\/\/www.versicherungsmakler-software.at\/index.php\/wp-json\/wp\/v2\/comments?post=204"}],"version-history":[{"count":1,"href":"https:\/\/www.versicherungsmakler-software.at\/index.php\/wp-json\/wp\/v2\/pages\/204\/revisions"}],"predecessor-version":[{"id":205,"href":"https:\/\/www.versicherungsmakler-software.at\/index.php\/wp-json\/wp\/v2\/pages\/204\/revisions\/205"}],"wp:attachment":[{"href":"https:\/\/www.versicherungsmakler-software.at\/index.php\/wp-json\/wp\/v2\/media?parent=204"}],"curies":[{"name":"wp","href":"https:\/\/api.w.org\/{rel}","templated":true}]}}