{"id":198,"date":"2017-10-01T12:37:57","date_gmt":"2017-10-01T12:37:57","guid":{"rendered":"https:\/\/www.versicherungsmakler-software.at\/?page_id=198"},"modified":"2020-12-18T00:14:48","modified_gmt":"2020-12-18T00:14:48","slug":"198-2","status":"publish","type":"page","link":"https:\/\/www.versicherungsmakler-software.at\/index.php\/198-2\/","title":{"rendered":"Kundenbereich"},"content":{"rendered":"<p>[et_pb_section bb_built=&#8220;1&#8243;][et_pb_row][et_pb_column type=&#8220;4_4&#8243;][et_pb_text _builder_version=&#8220;3.0.76&#8243; background_layout=&#8220;light&#8220; border_style=&#8220;solid&#8220;]<\/p>\n<p><strong>\u00a02. Kundenbereich<\/strong><\/p>\n<p>In der Hauptmaske des Kundenbereichs sehen Sie in einer \u00dcbersicht die wichtigsten Daten des Kunden, inkl. seiner Vertr\u00e4ge. Mit Hilfe einer komfortablen Suchfunktion finden Sie rasch den gew\u00fcnschten Kunden.<\/p>\n<p>Zwischen den einzelnen Kunden k\u00f6nnen &#8222;Beziehungen&#8220; aufgebaut werden (Eltern &#8211; Kinder, Firma &#8211; Mitarbeiter), diese erm\u00f6glichen eine rasche Zuordnung und Suche.<\/p>\n<p>[\/et_pb_text][\/et_pb_column][\/et_pb_row][\/et_pb_section]<\/p>\n","protected":false},"excerpt":{"rendered":"<p><div class=\"et_pb_row et_pb_row_0 et_pb_row_empty\">\n\t\t\t\t\n\t\t\t\t\n\t\t\t\t\n\t\t\t\t\n\t\t\t\t\n\t\t\t<\/div> \u00a02. Kundenbereich In der Hauptmaske des Kundenbereichs sehen Sie in einer \u00dcbersicht die wichtigsten Daten des Kunden, inkl. seiner Vertr\u00e4ge. Mit Hilfe einer komfortablen Suchfunktion finden Sie rasch den gew\u00fcnschten Kunden. Zwischen den einzelnen Kunden k\u00f6nnen &#8222;Beziehungen&#8220; aufgebaut werden (Eltern &#8211; Kinder, Firma &#8211; Mitarbeiter), diese erm\u00f6glichen eine rasche Zuordnung und Suche.<\/p>\n","protected":false},"author":1,"featured_media":0,"parent":0,"menu_order":0,"comment_status":"closed","ping_status":"closed","template":"","meta":{"_et_pb_use_builder":"on","_et_pb_old_content":"","_et_gb_content_width":"","footnotes":""},"class_list":["post-198","page","type-page","status-publish","hentry"],"_links":{"self":[{"href":"https:\/\/www.versicherungsmakler-software.at\/index.php\/wp-json\/wp\/v2\/pages\/198","targetHints":{"allow":["GET"]}}],"collection":[{"href":"https:\/\/www.versicherungsmakler-software.at\/index.php\/wp-json\/wp\/v2\/pages"}],"about":[{"href":"https:\/\/www.versicherungsmakler-software.at\/index.php\/wp-json\/wp\/v2\/types\/page"}],"author":[{"embeddable":true,"href":"https:\/\/www.versicherungsmakler-software.at\/index.php\/wp-json\/wp\/v2\/users\/1"}],"replies":[{"embeddable":true,"href":"https:\/\/www.versicherungsmakler-software.at\/index.php\/wp-json\/wp\/v2\/comments?post=198"}],"version-history":[{"count":4,"href":"https:\/\/www.versicherungsmakler-software.at\/index.php\/wp-json\/wp\/v2\/pages\/198\/revisions"}],"predecessor-version":[{"id":376,"href":"https:\/\/www.versicherungsmakler-software.at\/index.php\/wp-json\/wp\/v2\/pages\/198\/revisions\/376"}],"wp:attachment":[{"href":"https:\/\/www.versicherungsmakler-software.at\/index.php\/wp-json\/wp\/v2\/media?parent=198"}],"curies":[{"name":"wp","href":"https:\/\/api.w.org\/{rel}","templated":true}]}}