{"id":190,"date":"2017-09-25T11:23:15","date_gmt":"2017-09-25T11:23:15","guid":{"rendered":"https:\/\/www.versicherungsmakler-software.at\/?page_id=190"},"modified":"2025-01-28T11:38:48","modified_gmt":"2025-01-28T11:38:48","slug":"impressumagbanb","status":"publish","type":"page","link":"https:\/\/www.versicherungsmakler-software.at\/index.php\/impressumagbanb\/","title":{"rendered":"Impressum"},"content":{"rendered":"<p>[et_pb_section fb_built=&#8220;1&#8243; _builder_version=&#8220;4.16&#8243; global_colors_info=&#8220;{}&#8220;][et_pb_row _builder_version=&#8220;4.16&#8243; background_size=&#8220;initial&#8220; background_position=&#8220;top_left&#8220; background_repeat=&#8220;repeat&#8220; global_colors_info=&#8220;{}&#8220;][et_pb_column type=&#8220;4_4&#8243; _builder_version=&#8220;4.16&#8243; custom_padding=&#8220;|||&#8220; global_colors_info=&#8220;{}&#8220; custom_padding__hover=&#8220;|||&#8220;][et_pb_text admin_label=&#8220;Text&#8220; _builder_version=&#8220;4.27.4&#8243; hover_enabled=&#8220;0&#8243; global_colors_info=&#8220;{}&#8220; sticky_enabled=&#8220;0&#8243;]<\/p>\n<div class=\"content-container typography\">\n<p><strong>D.A.D.I. Mario Nestelberger<br \/><\/strong><strong>Dienstleistungen in der Automatischen Datenverarbeitung <\/strong><strong>und Informationstechnik<\/strong><\/p>\n<p><strong>Firmenanschrift:<\/strong><\/p>\n<p>Theresienthalstra\u00dfe 6\/6<br \/>3363 Hausmening<\/p>\n<p><strong>Kontakt:<\/strong><\/p>\n<p>Tel.: 0676 \/ 3749600<br \/>mail:\u00a0<a href=\"mailto:office@dadi.at\">office@dadi.at<\/a><\/p>\n<p>Aufsichtsbeh\u00f6rde: Bezirkshauptmannschaft Amstetten<br \/>UID NR:\u00a0ATU60148708<br \/>GISA-Zahl(en) 11932680, 12028801, 37984731<\/p>\n<p><strong>Allgemeine Gesch\u00e4ftsbedingungen:<\/strong><a href=\"http:\/\/www.dadi.at\/downloads\/Allgemeine_Geschaeftsbedingungen.pdf\"><strong>\u00a0<\/strong><\/a><\/p>\n<p>1. ALLGEMEINES:<\/p>\n<p>Die nachfolgenden Bedingungen gelten f\u00fcr alle gegenw\u00e4rtigen und zuk\u00fcnftigen Rechtsgesch\u00e4fte mit Mario Nestelberger.\u00a0Sollte eine Bestimmung dieser Gesch\u00e4ftsbedingungen ung\u00fcltig oder unwirksam sein oder werden, so wird dadurch die G\u00fcltigkeit bzw. Wirksamkeit der \u00fcbrigen Bestimmungen nicht ber\u00fchrt. Die ung\u00fcltige oder unwirksame Bestimmung ist durch eine solche zu ersetzen, die der ung\u00fcltigen oder unwirksamen Bestimmung wirtschaftlich und rechtlich am n\u00e4chsten kommt und den Zweck am ehesten verwirklicht. Entsprechendes gilt wenn sich bei der Durchf\u00fchrung der Bedingungen eine erg\u00e4nzungsbed\u00fcrftige L\u00fccke ergibt.<\/p>\n<p>2. PREIS:<\/p>\n<p>Alle dieser Webseite angegebenen Preise sind bis zur Antragsannahme unverbindlich.<\/p>\n<p>3. AUSLIEFERUNG:<\/p>\n<p>Die Auslieferung der einzelnen Produkte erfolgt bis auf weiteres ausschlie\u00dflich pers\u00f6nlich durch mich. In den Produktpreisen ist die Installation enthalten. (Dies gilt nicht f\u00fcr kostenlose Produkte auf meiner Webseite)<\/p>\n<p>4. ZAHLUNGSBEDINGUNGEN:<\/p>\n<p>Alle Rechnungen sind nach Rechnungserhalt f\u00e4llig. F\u00fcr den Fall des Zahlungsverzuges werden Verzugszinsen in der H\u00f6he von 1% pro Monat zuz\u00fcglich gesetzlicher Umsatzsteuer verrechnet. Weiters erlischt innerhalb eines Monats Zahlungsverzug jeglicher Anspruch auf ein Benutzungsrecht des Programms und somit auch jeglicher Anspruch auf Serviceleistungen bzw. sonstigen Supportleistungen.<\/p>\n<p>5. EIGENTUMSVORBEHALT:<\/p>\n<p>S\u00e4mtliche von gelieferte Waren bleiben bis zur vollst\u00e4ndigen Bezahlung des Kaufpreises Eigentum vom Verk\u00e4ufer. Jegliche Vervielf\u00e4ltigung der Programme ist untersagt.<\/p>\n<p>6. PRODUKTHAFTUNG:<\/p>\n<p>Soweit dies gesetzlich zul\u00e4ssig ist, sind Ersatzpflichten von mir f\u00fcr aus dem Produkthaftungsgesetz abgeleitete Anspr\u00fcche aus Sachschaden die der K\u00e4ufer als Unternehmer erleidet und Produkthaftungsanspr\u00fcche, die aus anderen Bestimmungen abgeleitet werden k\u00f6nnen, ausgeschlossen. Der Kunde verzichtet ausdr\u00fccklich auf die Geltendmachung von Ersatzanspr\u00fcchen von Sachsch\u00e4den die er im Rahmen seines Unternehmens erleidet. (\u00a79 Produkthaftungsgesetz).<br \/>Ich \u00fcbernehme weiters keine Haftung f\u00fcr jeglichen Datenverlust oder sonstigen auftretenden Hard- oder Softwaresch\u00e4den die aus der Nutzung eines meiner Produkte auftreten.<\/p>\n<p><a href=\"http:\/\/www.dadi.at\/downloads\/Allgemeine_Geschaeftsbedingungen.pdf\"><strong>Download AGB<\/strong><\/a><\/p>\n<p>&nbsp;<\/p>\n<p><strong>Nutzungsbestimmungen:<\/strong><\/p>\n<p>Nutzungsbestimmungen dadi.at (in der Folge \u201eWebseitenbetreiber\u201c genannt)<\/p>\n<p>1. NUTZUNG DER SEITE<\/p>\n<p>Alle Inhalte unserer Website sind urheberrechtlich gesch\u00fctzt. Wir gestatten ausdr\u00fccklich die Nutzung aller Daten f\u00fcr den privaten, nicht kommerziellen Gebrauch. Bei Vervielf\u00e4ltigung ist auf die Urheber- und Eigentumsrechte des Webseitenbetreibers ausdr\u00fccklich hinzuweisen. Inhalte d\u00fcrfen in keiner Weise ver\u00e4ndert werden und ohne schriftliche Genehmigung nicht auf anderen Internet-Seiten oder vernetzten Rechnern genutzt oder dargestellt werden. Jegliche Nutzung f\u00fcr \u00f6ffentliche oder kommerzielle Zwecke bedarf der schriftlichen Zustimmung des Webseitenbetreibers. Ein Versto\u00df gegen diese Bedingungen verpflichtet zur sofortigen Vernichtung aller ausgedruckten, kopierten, herunter geladenen oder auf anderem Wege erworbenen Inhalte. Die Geltendmachung weiterer Schadensersatzanspr\u00fcche beh\u00e4lt sich der Webseitenbetreiber vor.<\/p>\n<p>2. INTERNET SEITEN UND LINKS<\/p>\n<p>Webseiten enthalten auch Querverweise (Links) zu Webseiten anderer Anbieter. F\u00fcr fremde Inhalte, die \u00fcber solche Querverweise (Links) erreichbar sind, ist der Webseitenbetreiber nicht verantwortlich. Das fremde Angebot wurde bei der erstmaligen Verlinkung auf rechtswidrige Inhalte \u00fcberpr\u00fcft. Erst wenn wir feststellen oder darauf hingewiesen werden, dass ein Angebot rechtswidrigen Inhalt aufweist, wird dieser Querverweis (Link) aufgehoben, soweit dies technisch m\u00f6glich und zumutbar ist. Wir verwenden in unseren Webseiten browserseitige &#8222;Cookies&#8220; und serverseitige &#8222;Session-IDs&#8220;, um dem User die Benutzung unserer Online-Angebote zu erleichtern. Unsere &#8222;Cookies&#8220; und &#8222;Session-IDs&#8220; enthalten keine personenspezifischen Informationen \u00fcber die Benutzer unserer Webseiten. E-Mail-Adresse, Name und Anschrift bleiben anonym.<\/p>\n<p>3. UPLOAD &amp; DOWNLOAD<\/p>\n<p>Der Webseitenbetreiber stellt den Benutzern der Website Dateien zum Herunterladen (Download) zur Verf\u00fcgung. Diese Daten sind ausschlie\u00dflich f\u00fcr Testzwecke zur Verf\u00fcgung gestellt. S\u00e4mtliche zum Download bereitgestellten Dateien wurden mit den jeweils aktuellen Virus\u00fcberpr\u00fcfungsprogrammen einer anerkannten Virus\u00fcberpr\u00fcfungsfirma getestet und waren zum Zeitpunkt der Bereitstellung frei von Viren. Jede weitere Verbreitung der vom Webseitenbetreiber bereitgestellten Dateien im Internet oder in bzw. auf anderen Medien ist strengstens untersagt und nur mit schriftlicher Genehmigung des Webseitenbetreibers m\u00f6glich.<\/p>\n<p>4. GEW\u00c4HRLEISTUNG<\/p>\n<p>Die Informationen auf unseren Internet-Seiten werden mit gr\u00f6\u00dfter Sorgfalt erstellt. Der Webseitenbetreiber \u00fcbernimmt jedoch keine Gew\u00e4hr f\u00fcr deren Vollst\u00e4ndigkeit oder Eignung f\u00fcr bestimmte Verwendungszwecke. Die Nutzung der auf den Internet-Seiten zur Verf\u00fcgung gestellten Inhalte erfolgt auf alleinige Gefahr des Nutzers. F\u00fcr etwaige Besch\u00e4digungen oder Ausf\u00e4lle an Ger\u00e4ten \u00fcbernimmt der Webseitenbetreiber keinerlei Haftung. Wenn der Webseitenbetreiber Preise oder Preislisten auf den Seiten ver\u00f6ffentlicht, sind diese Preise freibleibend. Druckfehler und Irrt\u00fcmer vorbehalten.<\/p>\n<\/div>\n<p>&nbsp;<\/p>\n<p>&nbsp;<\/p>\n<p>&nbsp;<\/p>\n<p>&nbsp;<\/p>\n<p>[\/et_pb_text][\/et_pb_column][\/et_pb_row][\/et_pb_section]<\/p>\n","protected":false},"excerpt":{"rendered":"<p>D.A.D.I. Mario NestelbergerDienstleistungen in der Automatischen Datenverarbeitung und Informationstechnik Firmenanschrift: Theresienthalstra\u00dfe 6\/63363 Hausmening Kontakt: Tel.: 0676 \/ 3749600mail:\u00a0office@dadi.at Aufsichtsbeh\u00f6rde: Bezirkshauptmannschaft AmstettenUID NR:\u00a0ATU60148708GISA-Zahl(en) 11932680, 12028801, 37984731 Allgemeine Gesch\u00e4ftsbedingungen:\u00a0 1. ALLGEMEINES: Die nachfolgenden Bedingungen gelten f\u00fcr alle gegenw\u00e4rtigen und zuk\u00fcnftigen Rechtsgesch\u00e4fte mit Mario Nestelberger.\u00a0Sollte eine Bestimmung dieser Gesch\u00e4ftsbedingungen ung\u00fcltig oder unwirksam sein oder werden, so wird dadurch [&hellip;]<\/p>\n","protected":false},"author":1,"featured_media":0,"parent":0,"menu_order":0,"comment_status":"closed","ping_status":"closed","template":"","meta":{"_et_pb_use_builder":"on","_et_pb_old_content":"","_et_gb_content_width":"","footnotes":""},"class_list":["post-190","page","type-page","status-publish","hentry"],"_links":{"self":[{"href":"https:\/\/www.versicherungsmakler-software.at\/index.php\/wp-json\/wp\/v2\/pages\/190","targetHints":{"allow":["GET"]}}],"collection":[{"href":"https:\/\/www.versicherungsmakler-software.at\/index.php\/wp-json\/wp\/v2\/pages"}],"about":[{"href":"https:\/\/www.versicherungsmakler-software.at\/index.php\/wp-json\/wp\/v2\/types\/page"}],"author":[{"embeddable":true,"href":"https:\/\/www.versicherungsmakler-software.at\/index.php\/wp-json\/wp\/v2\/users\/1"}],"replies":[{"embeddable":true,"href":"https:\/\/www.versicherungsmakler-software.at\/index.php\/wp-json\/wp\/v2\/comments?post=190"}],"version-history":[{"count":7,"href":"https:\/\/www.versicherungsmakler-software.at\/index.php\/wp-json\/wp\/v2\/pages\/190\/revisions"}],"predecessor-version":[{"id":635,"href":"https:\/\/www.versicherungsmakler-software.at\/index.php\/wp-json\/wp\/v2\/pages\/190\/revisions\/635"}],"wp:attachment":[{"href":"https:\/\/www.versicherungsmakler-software.at\/index.php\/wp-json\/wp\/v2\/media?parent=190"}],"curies":[{"name":"wp","href":"https:\/\/api.w.org\/{rel}","templated":true}]}}