{"id":181,"date":"2017-09-25T11:18:47","date_gmt":"2017-09-25T11:18:47","guid":{"rendered":"https:\/\/www.versicherungsmakler-software.at\/?page_id=181"},"modified":"2024-01-27T13:05:56","modified_gmt":"2024-01-27T13:05:56","slug":"download","status":"publish","type":"page","link":"https:\/\/www.versicherungsmakler-software.at\/index.php\/download\/","title":{"rendered":"Demoversion"},"content":{"rendered":"<p>[et_pb_section fb_built=&#8220;1&#8243; _builder_version=&#8220;4.16&#8243; global_colors_info=&#8220;{}&#8220;][et_pb_row _builder_version=&#8220;4.16&#8243; background_size=&#8220;initial&#8220; background_position=&#8220;top_left&#8220; background_repeat=&#8220;repeat&#8220; global_colors_info=&#8220;{}&#8220;][et_pb_column type=&#8220;4_4&#8243; _builder_version=&#8220;4.16&#8243; custom_padding=&#8220;|||&#8220; global_colors_info=&#8220;{}&#8220; custom_padding__hover=&#8220;|||&#8220;][et_pb_text _builder_version=&#8220;4.24.0&#8243; hover_enabled=&#8220;0&#8243; border_style=&#8220;solid&#8220; global_colors_info=&#8220;{}&#8220; admin_label=&#8220;Text&#8220; sticky_enabled=&#8220;0&#8243;]<\/p>\n<div class=\"content-container typography\">\n<p><strong>D.A.D.I. KV Demoversion:<\/strong><\/p>\n<p>Ich freue mich, dass sie sich f\u00fcr mein Kundenverwaltungsprogramm interessieren. Ich biete vor allem aus technischen Gr\u00fcnden keinen direkten Download der Demoversion mehr an.<\/p>\n<p>Rufen sie mich einfach an (0043 676 374 96 00) oder schicken sie mir ein E-Mail (<a href=\"mailto:office@dadi.at\">office@dadi.at<\/a>) \u2013 Ich helfe Ihnen per Fernwartung bei der Einrichtung und zeige Ihnen auch gerne die wichtigsten Grundfunktionen.<\/p>\n<p><strong>Einschr\u00e4nkungen der Testversion:<\/strong><\/p>\n<p>Die Testversion umfasst fast alle Funktionen der Vollversion, damit Sie s\u00e4mtliche Features in Ruhe und ausgiebig testen k\u00f6nnen, jedoch ist Sie auf eine maximale Kundeneingabe von 30 beschr\u00e4nkt.<\/p>\n<p><strong>Nutzungsbestimmung:<\/strong><\/p>\n<p>Zur Verwendung \/ Installation m\u00fcssen Sie den Lizenzbedingungen zustimmen.<\/p>\n<p><a title=\"Download Lizenzvertrag\" href=\"http:\/\/www.dadi.at\/downloads\/Lizenzvertrag.pdf\" target=\"_blank\" rel=\"noopener noreferrer\">Download Lizenzvertrag<\/a><\/p>\n<p>&nbsp;<\/p>\n<\/div>\n<p>[\/et_pb_text][\/et_pb_column][\/et_pb_row][\/et_pb_section]<\/p>\n","protected":false},"excerpt":{"rendered":"<p>D.A.D.I. KV Demoversion: Ich freue mich, dass sie sich f\u00fcr mein Kundenverwaltungsprogramm interessieren. Ich biete vor allem aus technischen Gr\u00fcnden keinen direkten Download der Demoversion mehr an. Rufen sie mich einfach an (0043 676 374 96 00) oder schicken sie mir ein E-Mail (office@dadi.at) \u2013 Ich helfe Ihnen per Fernwartung bei der Einrichtung und zeige [&hellip;]<\/p>\n","protected":false},"author":1,"featured_media":0,"parent":0,"menu_order":0,"comment_status":"closed","ping_status":"closed","template":"","meta":{"_et_pb_use_builder":"on","_et_pb_old_content":"","_et_gb_content_width":"","footnotes":""},"class_list":["post-181","page","type-page","status-publish","hentry"],"_links":{"self":[{"href":"https:\/\/www.versicherungsmakler-software.at\/index.php\/wp-json\/wp\/v2\/pages\/181","targetHints":{"allow":["GET"]}}],"collection":[{"href":"https:\/\/www.versicherungsmakler-software.at\/index.php\/wp-json\/wp\/v2\/pages"}],"about":[{"href":"https:\/\/www.versicherungsmakler-software.at\/index.php\/wp-json\/wp\/v2\/types\/page"}],"author":[{"embeddable":true,"href":"https:\/\/www.versicherungsmakler-software.at\/index.php\/wp-json\/wp\/v2\/users\/1"}],"replies":[{"embeddable":true,"href":"https:\/\/www.versicherungsmakler-software.at\/index.php\/wp-json\/wp\/v2\/comments?post=181"}],"version-history":[{"count":5,"href":"https:\/\/www.versicherungsmakler-software.at\/index.php\/wp-json\/wp\/v2\/pages\/181\/revisions"}],"predecessor-version":[{"id":482,"href":"https:\/\/www.versicherungsmakler-software.at\/index.php\/wp-json\/wp\/v2\/pages\/181\/revisions\/482"}],"wp:attachment":[{"href":"https:\/\/www.versicherungsmakler-software.at\/index.php\/wp-json\/wp\/v2\/media?parent=181"}],"curies":[{"name":"wp","href":"https:\/\/api.w.org\/{rel}","templated":true}]}}