{"id":174,"date":"2017-09-25T11:15:24","date_gmt":"2017-09-25T11:15:24","guid":{"rendered":"https:\/\/www.versicherungsmakler-software.at\/?page_id=174"},"modified":"2024-12-04T03:55:02","modified_gmt":"2024-12-04T03:55:02","slug":"omds-browser","status":"publish","type":"page","link":"https:\/\/www.versicherungsmakler-software.at\/index.php\/omds-browser\/","title":{"rendered":"OMDS Browser"},"content":{"rendered":"<p>[et_pb_section fb_built=&#8220;1&#8243; _builder_version=&#8220;4.16&#8243; global_colors_info=&#8220;{}&#8220;][et_pb_row _builder_version=&#8220;4.16&#8243; background_size=&#8220;initial&#8220; background_position=&#8220;top_left&#8220; background_repeat=&#8220;repeat&#8220; global_colors_info=&#8220;{}&#8220;][et_pb_column type=&#8220;4_4&#8243; _builder_version=&#8220;4.16&#8243; custom_padding=&#8220;|||&#8220; global_colors_info=&#8220;{}&#8220; custom_padding__hover=&#8220;|||&#8220;][et_pb_text admin_label=&#8220;Text&#8220; _builder_version=&#8220;4.25.2&#8243; hover_enabled=&#8220;0&#8243; border_style=&#8220;solid&#8220; global_colors_info=&#8220;{}&#8220; sticky_enabled=&#8220;0&#8243;]<\/p>\n<p align=\"left\"><strong><span style=\"font-size: 12pt;\">D.A.D.I. OMDS Browser 2.X:<\/span><\/strong><\/p>\n<p align=\"left\"><strong>Programmbeschreibung:<\/strong><\/p>\n<p align=\"left\">Der D.A.D.I. Omds Browser soll es erm\u00f6glichen, Daten die Sie als Makler oder Agent in Form des \u00f6sterreichischen Maklerdatensatzes \u00fcbermittelt bekommen, in \u00fcbersichtlicher Form darzustellen. Diese Software ist eine Parallelentwicklung zur D.A.D.I. Kundenverwaltung und bis auf weiteres kostenlos.<\/p>\n<p align=\"left\">Optional: einmaliger telefonischer\u00a0 Installationssupport Einzelplatz: 25,&#8211; inkl. 20 % MWST, Netzwerk auf Anfrage<\/p>\n<p align=\"left\">Optional: Support per Mail und Telefon laufend: 100,&#8211; inkl. MWST pro Jahr, f\u00fcr bestehende Kunden mit Wartungsvertrag f\u00fcr die D.A.D.I. Kundenverwaltung 60,&#8211; inkl. MWST pro Jahr<\/p>\n<p align=\"left\"><strong>Installationsanleitung Erstinstallation:<\/strong><\/p>\n<p align=\"left\"><strong>\u00a0<\/strong><strong>1. Download der Datenbank: <\/strong><strong><a href=\"https:\/\/www.versicherungsmakler-software.at\/downloads\/datenomds.mdb\">OMDS Datenbank<\/a><\/strong><\/p>\n<p align=\"left\">Wenn sie die D.A.D.I. Kundenverwaltung einsetzen, wird empfohlen, dass sie die Datenbank im selben Ordner speichern wie vom Kundenverwaltungsprogramm.<\/p>\n<p align=\"left\"><strong>2. Download des Browsers: <\/strong><strong><a href=\"https:\/\/www.versicherungsmakler-software.at\/downloads\/publish.zip\">OMDS Browser Setup<\/a><\/strong><\/p>\n<p align=\"left\">Die Datei in einen beliebigen Ordner speichern, und entpacken (mit Windows Boardmitteln mit der rechten Maustaste anklicken, &#8222;alle extrahieren&#8220; w\u00e4hlen, anschlie\u00dfend das Setup ausf\u00fchren und den Anweisungen des Assistenten folgen. Am Schluss m\u00fcssen sie den korrekten Pfad zur datenomds.mdb w\u00e4hlen.<\/p>\n<p align=\"left\"><strong>Installationsanleitung Update:<\/strong><\/p>\n<p align=\"left\">1. Download Browser Setup (oben)<\/p>\n<p align=\"left\">2. Unter Systemsteuerung Software bzw. Programme den alten Browser deinstallieren, anschlie\u00dfend wie oben beschrieben installieren.<\/p>\n<p align=\"left\"><strong>Systemvoraussetzungen:<\/strong><\/p>\n<p align=\"left\">ab Microsoft Windows XP<br \/>Nutzungsbestimmung: Zur Verwendung \/ Installation m\u00fcssen Sie den Lizenzbedingungen zustimmen.<\/p>\n<p align=\"center\"><a href=\"https:\/\/www.versicherungsmakler-software.at\/downloads\/Lizenzvertrag%20OMDS%202.x.pdf\">Download Lizenzvertrag<\/a><\/p>\n<p align=\"left\">Letzte \u00c4nderungen: (Historie ab 6.11.2012)<\/p>\n<table id=\"AutoNumber2\" cellspacing=\"0\" cellpadding=\"0\">\n<tbody>\n<tr>\n<td valign=\"top\" width=\"10%\">04.12.2024<\/td>\n<td width=\"90%\">\n<ul>\n<li>Version 0.9.0.77<\/li>\n<li>Browser Import nun kompatibel zu OMDS 2.216<\/li>\n<\/ul>\n<\/td>\n<\/tr>\n<tr>\n<td valign=\"top\" width=\"10%\">05.04.2024<\/td>\n<td width=\"90%\">\n<ul>\n<li>Version 0.9.0.72<\/li>\n<li>Browser f\u00fcr L\u00f6schansto\u00df vorbereitet Teil 2<\/li>\n<\/ul>\n<\/td>\n<\/tr>\n<tr>\n<td valign=\"top\" width=\"10%\">22.03.2024<\/td>\n<td width=\"90%\">\n<ul>\n<li>Version 0.9.0.71<\/li>\n<li>Browser f\u00fcr L\u00f6schansto\u00df vorbereitet Teil 1<\/li>\n<\/ul>\n<\/td>\n<\/tr>\n<tr>\n<td valign=\"top\" width=\"10%\">10.3.2024<\/td>\n<td width=\"90%\">\n<ul>\n<li>Version 0.9.0.70<\/li>\n<li>Browser zeigt Pfade zu Programm und Datenbank an<\/li>\n<\/ul>\n<\/td>\n<\/tr>\n<tr>\n<td valign=\"top\" width=\"10%\">17.10.2023<\/td>\n<td width=\"90%\">\n<ul>\n<li>Browser Import nun kompatibel zu OMDS 2.215<\/li>\n<li>Schnellerer Programmstart<\/li>\n<\/ul>\n<\/td>\n<\/tr>\n<tr>\n<td valign=\"top\" width=\"10%\">31.01.2022<\/td>\n<td width=\"90%\">\n<ul>\n<li>Browser Import nun kompatibel zu OMDS 2.214<\/li>\n<\/ul>\n<\/td>\n<\/tr>\n<tr>\n<td valign=\"top\" width=\"10%\">01.08.2021<\/td>\n<td width=\"90%\">\n<ul>\n<li>Browser Import nun kompatibel zu OMDS 2.213<\/li>\n<\/ul>\n<\/td>\n<\/tr>\n<tr>\n<td valign=\"top\" width=\"10%\">06.08.2020<\/td>\n<td width=\"90%\">\n<ul>\n<li>Browser Import nun kompatibel zu OMDS 2.212<\/li>\n<\/ul>\n<\/td>\n<\/tr>\n<tr>\n<td valign=\"top\" width=\"10%\">06.04.2017<\/td>\n<td width=\"90%\">\n<ul>\n<li>Browser Import nun kompatibel zu OMDS 2.9<\/li>\n<\/ul>\n<\/td>\n<\/tr>\n<tr>\n<td valign=\"top\" width=\"10%\">20.7.2016<\/td>\n<td width=\"90%\">\n<ul>\n<li>Sparten Beginn und Ende in Browser dargestellt<\/li>\n<\/ul>\n<\/td>\n<\/tr>\n<tr>\n<td valign=\"top\" width=\"10%\">30.6.2014<\/td>\n<td width=\"90%\">\n<ul>\n<li>Diverse Fehler ausgebessert<\/li>\n<li>Darstellung der KFZ verbessert<\/li>\n<\/ul>\n<\/td>\n<\/tr>\n<tr>\n<td valign=\"top\" width=\"10%\">13.8.2013<\/td>\n<td width=\"90%\">\n<ul>\n<li>Browser kompatibel zu Version 2.6 &#8211; Bauspardaten getestet<\/li>\n<li>verbesserte Fehlerbehandlung &#8211; Importvorgang kann bei Auftreten von Fehlern abgebrochen werden<\/li>\n<\/ul>\n<\/td>\n<\/tr>\n<tr>\n<td valign=\"top\" width=\"10%\">23.3.2013<\/td>\n<td width=\"90%\">\n<ul>\n<li>OMDS Datens\u00e4tze, die Stammdaten enthalten konnten nicht importiert werden (Fehlermeldung)<\/li>\n<\/ul>\n<\/td>\n<\/tr>\n<tr>\n<td valign=\"top\" width=\"10%\">9.3.2012<\/td>\n<td width=\"90%\">\n<ul>\n<li>Bonus \/ Malusstufe wird nun bei allen Anstalten richtig importiert<\/li>\n<li>Mahnspesen (Mahnung) und Zahlbetrag (Zahlungen Sch\u00e4den) richtig dargestellt<\/li>\n<\/ul>\n<\/td>\n<\/tr>\n<tr>\n<td valign=\"top\" width=\"10%\">6.11.2012<\/td>\n<td width=\"90%\">\n<ul>\n<li>Geschwindigkeit beim Importieren gr\u00f6\u00dferer Datenmengen optimiert (mehr als verdoppelt)<\/li>\n<li>Datens\u00e4tze die Fonddaten enthalten k\u00f6nnen nun importiert werden<\/li>\n<li>diverse Anpassungen an Format Maklerdatensatz OMDS-Version 2.5\/00<\/li>\n<li>Oberfl\u00e4che an h\u00f6her Bildaufl\u00f6sungen angepasst<\/li>\n<\/ul>\n<\/td>\n<\/tr>\n<\/tbody>\n<\/table>\n<p align=\"center\">[\/et_pb_text][\/et_pb_column][\/et_pb_row][\/et_pb_section]<\/p>\n","protected":false},"excerpt":{"rendered":"<p>D.A.D.I. OMDS Browser 2.X: Programmbeschreibung: Der D.A.D.I. Omds Browser soll es erm\u00f6glichen, Daten die Sie als Makler oder Agent in Form des \u00f6sterreichischen Maklerdatensatzes \u00fcbermittelt bekommen, in \u00fcbersichtlicher Form darzustellen. Diese Software ist eine Parallelentwicklung zur D.A.D.I. Kundenverwaltung und bis auf weiteres kostenlos. Optional: einmaliger telefonischer\u00a0 Installationssupport Einzelplatz: 25,&#8211; inkl. 20 % MWST, Netzwerk auf [&hellip;]<\/p>\n","protected":false},"author":1,"featured_media":0,"parent":0,"menu_order":0,"comment_status":"closed","ping_status":"closed","template":"","meta":{"_et_pb_use_builder":"on","_et_pb_old_content":"","_et_gb_content_width":"","footnotes":""},"class_list":["post-174","page","type-page","status-publish","hentry"],"_links":{"self":[{"href":"https:\/\/www.versicherungsmakler-software.at\/index.php\/wp-json\/wp\/v2\/pages\/174","targetHints":{"allow":["GET"]}}],"collection":[{"href":"https:\/\/www.versicherungsmakler-software.at\/index.php\/wp-json\/wp\/v2\/pages"}],"about":[{"href":"https:\/\/www.versicherungsmakler-software.at\/index.php\/wp-json\/wp\/v2\/types\/page"}],"author":[{"embeddable":true,"href":"https:\/\/www.versicherungsmakler-software.at\/index.php\/wp-json\/wp\/v2\/users\/1"}],"replies":[{"embeddable":true,"href":"https:\/\/www.versicherungsmakler-software.at\/index.php\/wp-json\/wp\/v2\/comments?post=174"}],"version-history":[{"count":12,"href":"https:\/\/www.versicherungsmakler-software.at\/index.php\/wp-json\/wp\/v2\/pages\/174\/revisions"}],"predecessor-version":[{"id":632,"href":"https:\/\/www.versicherungsmakler-software.at\/index.php\/wp-json\/wp\/v2\/pages\/174\/revisions\/632"}],"wp:attachment":[{"href":"https:\/\/www.versicherungsmakler-software.at\/index.php\/wp-json\/wp\/v2\/media?parent=174"}],"curies":[{"name":"wp","href":"https:\/\/api.w.org\/{rel}","templated":true}]}}