{"id":170,"date":"2017-09-25T11:11:21","date_gmt":"2017-09-25T11:11:21","guid":{"rendered":"https:\/\/www.versicherungsmakler-software.at\/?page_id=170"},"modified":"2021-03-05T09:38:16","modified_gmt":"2021-03-05T09:38:16","slug":"d-a-d-i-kv","status":"publish","type":"page","link":"https:\/\/www.versicherungsmakler-software.at\/index.php\/d-a-d-i-kv\/","title":{"rendered":"D.A.D.I. KV"},"content":{"rendered":"<p>[et_pb_section fb_built=&#8220;1&#8243; _builder_version=&#8220;3.22&#8243;][et_pb_row _builder_version=&#8220;3.25&#8243; background_size=&#8220;initial&#8220; background_position=&#8220;top_left&#8220; background_repeat=&#8220;repeat&#8220;][et_pb_column type=&#8220;4_4&#8243; _builder_version=&#8220;3.25&#8243; custom_padding=&#8220;|||&#8220; custom_padding__hover=&#8220;|||&#8220;][et_pb_text _builder_version=&#8220;3.27.4&#8243; border_style=&#8220;solid&#8220;]<strong>Kurzbeschreibung:<\/strong><\/p>\n<p><strong>Ziel bei der Entwicklung war es, ein Kundenverwaltungsprogramm f\u00fcr Versicherungsmakler und -agenten zu schaffen, dessen Hauptaufgabe eine wirkliche Entlastung bei der Verwaltung bietet.<\/strong><\/p>\n<p><strong>Features:<\/strong><\/p>\n<ul>\n<li>\u00fcbersichtliche\u00a0Eingabe aller Kundendaten\u00a0inkl. Suchfunktionen nach den wichtigsten Kriterien<\/li>\n<li>Erfassung\u00a0aller wichtigen Vertragsdaten\u00a0(auch spartenspezifisch)<\/li>\n<li><strong>Drucken von Schadensmeldungen, Vertrags\u00e4nderungen, K\u00fcndigungen und diversen Briefen<\/strong>\u00a0(alle bereits eingegeben Daten werden automatisch \u00fcbernommen)<\/li>\n<li>\u00fcbersichtliche Auflistung ihres Briefverkehrs<\/li>\n<li><strong>NEU: Schnittstellen zu diversen Anstalten<\/strong><\/li>\n<li>Ausgabe Ihrer eingegeben Daten in Word und Excel, Outlook Export<\/li>\n<li>Netzwerkf\u00e4hig (Software kann auf mehreren Arbeitspl\u00e4tzen im B\u00fcro gleichzeitig genutzt werden)<\/li>\n<li>diverse Filterm\u00f6glichkeiten (nach Sparten, Versicherungsanstalten, Kunden, Mitarbeiter, Sch\u00e4den, vorgemerkten K\u00fcndigungsterminen, vorgemerkten Kundenbesuchen etc.)<\/li>\n<li>Provisionsabrechnung\u00a0Ihrer Mitarbeiter<\/li>\n<li>Terminkalender, TODO Liste<\/li>\n<\/ul>\n<p>[\/et_pb_text][et_pb_gallery gallery_ids=&#8220;220,221&#8243; posts_number=&#8220;2&#8243; _builder_version=&#8220;4.8.2&#8243; hover_enabled=&#8220;0&#8243; pagination_font_size_tablet=&#8220;51&#8243; pagination_line_height_tablet=&#8220;2&#8243; border_style=&#8220;solid&#8220; show_title_and_caption=&#8220;off&#8220; show_pagination=&#8220;off&#8220; sticky_enabled=&#8220;0&#8243;][\/et_pb_gallery][\/et_pb_column][\/et_pb_row][\/et_pb_section]<\/p>\n","protected":false},"excerpt":{"rendered":"<p>Kurzbeschreibung: Ziel bei der Entwicklung war es, ein Kundenverwaltungsprogramm f\u00fcr Versicherungsmakler und -agenten zu schaffen, dessen Hauptaufgabe eine wirkliche Entlastung bei der Verwaltung bietet. Features: \u00fcbersichtliche\u00a0Eingabe aller Kundendaten\u00a0inkl. Suchfunktionen nach den wichtigsten Kriterien Erfassung\u00a0aller wichtigen Vertragsdaten\u00a0(auch spartenspezifisch) Drucken von Schadensmeldungen, Vertrags\u00e4nderungen, K\u00fcndigungen und diversen Briefen\u00a0(alle bereits eingegeben Daten werden automatisch \u00fcbernommen) \u00fcbersichtliche Auflistung ihres Briefverkehrs [&hellip;]<\/p>\n","protected":false},"author":1,"featured_media":0,"parent":0,"menu_order":0,"comment_status":"closed","ping_status":"closed","template":"","meta":{"_et_pb_use_builder":"on","_et_pb_old_content":"","_et_gb_content_width":"","footnotes":""},"class_list":["post-170","page","type-page","status-publish","hentry"],"_links":{"self":[{"href":"https:\/\/www.versicherungsmakler-software.at\/index.php\/wp-json\/wp\/v2\/pages\/170","targetHints":{"allow":["GET"]}}],"collection":[{"href":"https:\/\/www.versicherungsmakler-software.at\/index.php\/wp-json\/wp\/v2\/pages"}],"about":[{"href":"https:\/\/www.versicherungsmakler-software.at\/index.php\/wp-json\/wp\/v2\/types\/page"}],"author":[{"embeddable":true,"href":"https:\/\/www.versicherungsmakler-software.at\/index.php\/wp-json\/wp\/v2\/users\/1"}],"replies":[{"embeddable":true,"href":"https:\/\/www.versicherungsmakler-software.at\/index.php\/wp-json\/wp\/v2\/comments?post=170"}],"version-history":[{"count":9,"href":"https:\/\/www.versicherungsmakler-software.at\/index.php\/wp-json\/wp\/v2\/pages\/170\/revisions"}],"predecessor-version":[{"id":446,"href":"https:\/\/www.versicherungsmakler-software.at\/index.php\/wp-json\/wp\/v2\/pages\/170\/revisions\/446"}],"wp:attachment":[{"href":"https:\/\/www.versicherungsmakler-software.at\/index.php\/wp-json\/wp\/v2\/media?parent=170"}],"curies":[{"name":"wp","href":"https:\/\/api.w.org\/{rel}","templated":true}]}}