{"id":118,"date":"2017-09-24T21:51:07","date_gmt":"2017-09-24T21:51:07","guid":{"rendered":"https:\/\/www.versicherungsmakler-software.at\/?page_id=118"},"modified":"2020-12-18T00:14:48","modified_gmt":"2020-12-18T00:14:48","slug":"vorstellung","status":"publish","type":"page","link":"https:\/\/www.versicherungsmakler-software.at\/index.php\/vorstellung\/","title":{"rendered":"Vorstellung"},"content":{"rendered":"<p>[et_pb_section bb_built=&#8220;1&#8243;][et_pb_row][et_pb_column type=&#8220;4_4&#8243;][et_pb_text _builder_version=&#8220;3.0.76&#8243; background_layout=&#8220;light&#8220; border_style=&#8220;solid&#8220;]<\/p>\n<div class=\"content-container typography\">\n<p>Grundgedanke meiner Firma ist die Erstellung von Softwarel\u00f6sungen f\u00fcr Klein- und Mittelbetriebe die eine echte Arbeitsvereinfachung bieten, speziell nach Kundenw\u00fcnschen erstellt werden und trotzdem \u00e4u\u00dferst kosteng\u00fcnstig sind.<\/p>\n<p>&nbsp;<\/p>\n<p>Im\u00a0Downloadbereich\u00a0der Seite k\u00f6nnen Sie sich kostenlos eine Demoversion meines Hauptprodukts, einer Kundenverwaltung f\u00fcr Versicherungsmakler und diverse Finanzdienstleister herunterladen. Mittlerweile arbeiten mit dieser Softwarel\u00f6sung mehr als 80 \u00f6sterreichische Makler, eine Anpassung f\u00fcr den deutschen Markt ist in Planung.<\/p>\n<\/div>\n<p>[\/et_pb_text][\/et_pb_column][\/et_pb_row][\/et_pb_section]<\/p>\n","protected":false},"excerpt":{"rendered":"<p><div class=\"et_pb_row et_pb_row_0 et_pb_row_empty\">\n\t\t\t\t\n\t\t\t\t\n\t\t\t\t\n\t\t\t\t\n\t\t\t\t\n\t\t\t<\/div> Grundgedanke meiner Firma ist die Erstellung von Softwarel\u00f6sungen f\u00fcr Klein- und Mittelbetriebe die eine echte Arbeitsvereinfachung bieten, speziell nach Kundenw\u00fcnschen erstellt werden und trotzdem \u00e4u\u00dferst kosteng\u00fcnstig sind. &nbsp; Im\u00a0Downloadbereich\u00a0der Seite k\u00f6nnen Sie sich kostenlos eine Demoversion meines Hauptprodukts, einer Kundenverwaltung f\u00fcr Versicherungsmakler und diverse Finanzdienstleister herunterladen. Mittlerweile arbeiten mit dieser Softwarel\u00f6sung mehr als 80 [&hellip;]<\/p>\n","protected":false},"author":1,"featured_media":0,"parent":0,"menu_order":0,"comment_status":"closed","ping_status":"closed","template":"","meta":{"_et_pb_use_builder":"on","_et_pb_old_content":"","_et_gb_content_width":"","footnotes":""},"class_list":["post-118","page","type-page","status-publish","hentry"],"_links":{"self":[{"href":"https:\/\/www.versicherungsmakler-software.at\/index.php\/wp-json\/wp\/v2\/pages\/118","targetHints":{"allow":["GET"]}}],"collection":[{"href":"https:\/\/www.versicherungsmakler-software.at\/index.php\/wp-json\/wp\/v2\/pages"}],"about":[{"href":"https:\/\/www.versicherungsmakler-software.at\/index.php\/wp-json\/wp\/v2\/types\/page"}],"author":[{"embeddable":true,"href":"https:\/\/www.versicherungsmakler-software.at\/index.php\/wp-json\/wp\/v2\/users\/1"}],"replies":[{"embeddable":true,"href":"https:\/\/www.versicherungsmakler-software.at\/index.php\/wp-json\/wp\/v2\/comments?post=118"}],"version-history":[{"count":2,"href":"https:\/\/www.versicherungsmakler-software.at\/index.php\/wp-json\/wp\/v2\/pages\/118\/revisions"}],"predecessor-version":[{"id":585,"href":"https:\/\/www.versicherungsmakler-software.at\/index.php\/wp-json\/wp\/v2\/pages\/118\/revisions\/585"}],"wp:attachment":[{"href":"https:\/\/www.versicherungsmakler-software.at\/index.php\/wp-json\/wp\/v2\/media?parent=118"}],"curies":[{"name":"wp","href":"https:\/\/api.w.org\/{rel}","templated":true}]}}